{"id":10231,"date":"2022-07-29T17:28:55","date_gmt":"2022-07-29T15:28:55","guid":{"rendered":"https:\/\/www.promogio.sk\/casopisy-a-brozury-2\/"},"modified":"2025-06-10T09:30:42","modified_gmt":"2025-06-10T07:30:42","slug":"sluzby","status":"publish","type":"page","link":"https:\/\/www.promogio.sk\/en\/sluzby\/","title":{"rendered":"Services"},"content":{"rendered":"<div class=\"wpb-content-wrapper\"><div data-vc-full-width=\"true\" data-vc-full-width-init=\"false\" class=\"vc_row wpb_row vc_row-fluid vc_custom_1732875074645 vc_row-has-fill vc_row-o-content-middle vc_row-flex wd-bg-center-top mobile-bg-img-hidden wd-rs-6749933eb6daa\"><div class=\"wpb_column vc_column_container vc_col-sm-12 wd-rs-63a47d0c6fca2\"><div class=\"vc_column-inner vc_custom_1671724304770\"><div class=\"wpb_wrapper\">\n\t\t<div id=\"wd-67779fec120ae\" class=\"title-wrapper wd-wpb wd-set-mb reset-last-child  wd-rs-67779fec120ae wd-title-color-default wd-title-style-default text-center vc_custom_1735892998602 wd-underline-colored\">\n\t\t\t\n\t\t\t<div class=\"liner-continer\">\n\t\t\t\t<h4 class=\"woodmart-title-container title  wd-font-weight- wd-fontsize-xxxl\" >Services<\/h4>\n\t\t\t\t\t\t\t<\/div>\n\t\t\t\n\t\t\t\n\t\t\t\n\t\t<\/div>\n\t\t\n\t\t<\/div><\/div><\/div><\/div><div class=\"vc_row-full-width vc_clearfix\"><\/div><div data-vc-full-width=\"true\" data-vc-full-width-init=\"false\" data-vc-stretch-content=\"true\" class=\"vc_row wpb_row vc_row-fluid vc_custom_1706470498553 vc_row-has-fill vc_row-no-padding wd-rs-65b6ac5ca0758\"><div class=\"wpb_column vc_column_container vc_col-sm-12 wd-rs-65b6ac8a97044\"><div class=\"vc_column-inner vc_custom_1706470545130\"><div class=\"wpb_wrapper\">\t\t<div id=\"wd-6777a0e96270e\" class=\"wd-image wd-wpb wd-rs-6777a0e96270e text-left vc_custom_1735893242115\">\n\t\t\t\n\t\t\t<img loading=\"lazy\" decoding=\"async\"  src=\"https:\/\/www.promogio.sk\/wp-content\/uploads\/2024\/01\/vlnka-header.svg\" title=\"wave-header\" width=\"3000\" height=\"3000\">\n\t\t\t\t\t<\/div>\n\t\t<\/div><\/div><\/div><\/div><div class=\"vc_row-full-width vc_clearfix\"><\/div><div data-vc-full-width=\"true\" data-vc-full-width-init=\"false\" class=\"vc_row wpb_row vc_row-fluid vc_custom_1732876304969 vc_row-has-fill vc_row-o-equal-height vc_row-o-content-top vc_row-flex wd-rs-674998044f9a2\"><div class=\"wpb_column vc_column_container vc_col-sm-4 wd-rs-674998439b260\"><div class=\"vc_column-inner vc_custom_1732876366833\"><div class=\"wpb_wrapper\">\t\t\t<div class=\"info-box-wrapper\">\n\t\t\t\t<div id=\"wd-68403c2d151d0\" class=\"wd-rs-68403c2d151d0 wd-info-box wd-wpb text-center box-icon-align-top box-style- color-scheme-dark wd-bg-none\">\n\t\t\t\t\t\t\t\t\t\t\t<div class=\"box-icon-wrapper  box-with-icon box-icon-simple\">\n\t\t\t\t\t\t\t<div class=\"info-box-icon\">\n\n\t\t\t\t\t\t\t\n\t\t\t\t\t\t\t\t\t\t\t\t\t\t\t\t\t<img loading=\"lazy\" decoding=\"async\" width=\"150\" height=\"150\" src=\"https:\/\/www.promogio.sk\/wp-content\/uploads\/2024\/11\/graficke-studio1.png\" class=\"attachment-800x600 size-800x600\" alt=\"\" srcset=\"https:\/\/www.promogio.sk\/wp-content\/uploads\/2024\/11\/graficke-studio1.png 150w, https:\/\/www.promogio.sk\/wp-content\/uploads\/2024\/11\/graficke-studio1-12x12.png 12w\" sizes=\"auto, (max-width: 150px) 100vw, 150px\" \/>\t\t\t\t\t\t\t\t\t\t\t\t\t\t\t\n\t\t\t\t\t\t\t<\/div>\n\t\t\t\t\t\t<\/div>\n\t\t\t\t\t\t\t\t\t\t<div class=\"info-box-content\">\n\t\t\t\t\t\t<h4 class=\"info-box-title title box-title-style-default wd-fontsize-xl\">Graphic studio<\/h4>\t\t\t\t\t\t<div class=\"info-box-inner reset-last-child\"><p>Our team of graphic designers will be happy to handle any kind of print materials from the simplest documents to extensive catalogues, or we can help with the preparation and export of graphic materials for printing.<\/p>\n<\/div>\n\n\t\t\t\t\t\t\t\t\t\t\t<\/div>\n\n\t\t\t\t\t\n\t\t\t\t\t<style><\/style>\t\t\t\t<\/div>\n\t\t\t<\/div>\n\t\t<\/div><\/div><\/div><div class=\"wpb_column vc_column_container vc_col-sm-4 wd-rs-6749985e1929f\"><div class=\"vc_column-inner vc_custom_1732876388724\"><div class=\"wpb_wrapper\">\t\t\t<div class=\"info-box-wrapper\">\n\t\t\t\t<div id=\"wd-68403c3dd7183\" class=\"wd-rs-68403c3dd7183 wd-info-box wd-wpb text-center box-icon-align-top box-style- color-scheme-dark wd-bg-none\">\n\t\t\t\t\t\t\t\t\t\t\t<div class=\"box-icon-wrapper  box-with-icon box-icon-simple\">\n\t\t\t\t\t\t\t<div class=\"info-box-icon\">\n\n\t\t\t\t\t\t\t\n\t\t\t\t\t\t\t\t\t\t\t\t\t\t\t\t\t<img loading=\"lazy\" decoding=\"async\" width=\"150\" height=\"150\" src=\"https:\/\/www.promogio.sk\/wp-content\/uploads\/2024\/11\/Instalace-reklamy2.png\" class=\"attachment-800x600 size-800x600\" alt=\"\" srcset=\"https:\/\/www.promogio.sk\/wp-content\/uploads\/2024\/11\/Instalace-reklamy2.png 150w, https:\/\/www.promogio.sk\/wp-content\/uploads\/2024\/11\/Instalace-reklamy2-12x12.png 12w\" sizes=\"auto, (max-width: 150px) 100vw, 150px\" \/>\t\t\t\t\t\t\t\t\t\t\t\t\t\t\t\n\t\t\t\t\t\t\t<\/div>\n\t\t\t\t\t\t<\/div>\n\t\t\t\t\t\t\t\t\t\t<div class=\"info-box-content\">\n\t\t\t\t\t\t<h4 class=\"info-box-title title box-title-style-default wd-fontsize-xl\">Installation of advertising<\/h4>\t\t\t\t\t\t<div class=\"info-box-inner reset-last-child\"><p>Not only will we produce the advertisement, we will also be happy to arrange installation, either from a ladder or a platform. We routinely install all types of advertising.<\/p>\n<\/div>\n\n\t\t\t\t\t\t\t\t\t\t\t<\/div>\n\n\t\t\t\t\t\n\t\t\t\t\t<style><\/style>\t\t\t\t<\/div>\n\t\t\t<\/div>\n\t\t<\/div><\/div><\/div><div class=\"wpb_column vc_column_container vc_col-sm-4 wd-rs-67499867311a3\"><div class=\"vc_column-inner vc_custom_1732876397409\"><div class=\"wpb_wrapper\">\t\t\t<div class=\"info-box-wrapper\">\n\t\t\t\t<div id=\"wd-68403c4da17a6\" class=\"wd-rs-68403c4da17a6 wd-info-box wd-wpb text-center box-icon-align-top box-style- color-scheme-dark wd-bg-none\">\n\t\t\t\t\t\t\t\t\t\t\t<div class=\"box-icon-wrapper  box-with-icon box-icon-simple\">\n\t\t\t\t\t\t\t<div class=\"info-box-icon\">\n\n\t\t\t\t\t\t\t\n\t\t\t\t\t\t\t\t\t\t\t\t\t\t\t\t\t<img loading=\"lazy\" decoding=\"async\" width=\"150\" height=\"150\" src=\"https:\/\/www.promogio.sk\/wp-content\/uploads\/2024\/11\/Distribuce-reklamy-.png\" class=\"attachment-800x600 size-800x600\" alt=\"\" srcset=\"https:\/\/www.promogio.sk\/wp-content\/uploads\/2024\/11\/Distribuce-reklamy-.png 150w, https:\/\/www.promogio.sk\/wp-content\/uploads\/2024\/11\/Distribuce-reklamy--12x12.png 12w\" sizes=\"auto, (max-width: 150px) 100vw, 150px\" \/>\t\t\t\t\t\t\t\t\t\t\t\t\t\t\t\n\t\t\t\t\t\t\t<\/div>\n\t\t\t\t\t\t<\/div>\n\t\t\t\t\t\t\t\t\t\t<div class=\"info-box-content\">\n\t\t\t\t\t\t<h4 class=\"info-box-title title box-title-style-default wd-fontsize-xl\">Distribution of advertising<\/h4>\t\t\t\t\t\t<div class=\"info-box-inner reset-last-child\"><p>Another service widely used is the distribution of addressed and unaddressed leaflets to mailboxes, magazines or brochures. We simply print what is needed and arrange delivery to your clients wherever they need it.<\/p>\n<\/div>\n\n\t\t\t\t\t\t\t\t\t\t\t<\/div>\n\n\t\t\t\t\t\n\t\t\t\t\t<style><\/style>\t\t\t\t<\/div>\n\t\t\t<\/div>\n\t\t<\/div><\/div><\/div><\/div><div class=\"vc_row-full-width vc_clearfix\"><\/div><div data-vc-full-width=\"true\" data-vc-full-width-init=\"false\" data-vc-stretch-content=\"true\" class=\"vc_row wpb_row vc_row-fluid vc_custom_1732876018436 vc_row-has-fill vc_row-no-padding wd-bg-center-top wd-rs-674996ed207f5\"><div class=\"wpb_column vc_column_container vc_col-sm-12 wd-rs-65b0eb112ee03\"><div class=\"vc_column-inner vc_custom_1706093336403\"><div class=\"wpb_wrapper\">\t\t<div id=\"wd-677d499251357\" class=\"wd-image wd-wpb wd-rs-677d499251357 text-left vc_custom_1736264089630\">\n\t\t\t\n\t\t\t<img loading=\"lazy\" decoding=\"async\"  src=\"https:\/\/www.promogio.sk\/wp-content\/uploads\/2024\/01\/3.svg\" title=\"3\" width=\"3000\" height=\"3000\">\n\t\t\t\t\t<\/div>\n\t\t<\/div><\/div><\/div><\/div><div class=\"vc_row-full-width vc_clearfix\"><\/div><div data-vc-full-width=\"true\" data-vc-full-width-init=\"false\" class=\"vc_row wpb_row vc_row-fluid vc_custom_1736264078012 vc_row-has-fill wd-rs-677d498735b1f\"><div class=\"wpb_column vc_column_container vc_col-sm-12\"><div class=\"vc_column-inner\"><div class=\"wpb_wrapper\">\n\t\t<div id=\"wd-68403c5c8e4b0\" class=\"title-wrapper wd-wpb wd-set-mb reset-last-child  wd-rs-68403c5c8e4b0 wd-title-color-default wd-title-style-default text-center vc_custom_1749040226781 wd-underline-colored\">\n\t\t\t\n\t\t\t<div class=\"liner-continer\">\n\t\t\t\t<h4 class=\"woodmart-title-container title  wd-font-weight- wd-fontsize-xxxl\" >Professional service as a matter of course<\/h4>\n\t\t\t\t\t\t\t<\/div>\n\t\t\t\n\t\t\t\n\t\t\t\n\t\t<\/div>\n\t\t\n\t\t\t\t\t<div class=\"info-box-wrapper\">\n\t\t\t\t<div id=\"wd-68403c6464fd9\" class=\"wd-rs-68403c6464fd9 wd-info-box wd-wpb text-left box-icon-align-left box-style- color-scheme- wd-bg-none wd-items-top vc_custom_1749040247517\">\n\t\t\t\t\t\t\t\t\t\t\t<div class=\"box-icon-wrapper  box-with-icon box-icon-simple\">\n\t\t\t\t\t\t\t<div class=\"info-box-icon\">\n\n\t\t\t\t\t\t\t\n\t\t\t\t\t\t\t\t\t\t\t\t\t\t\t\t\t<img loading=\"lazy\" decoding=\"async\" width=\"120\" height=\"120\" src=\"https:\/\/www.promogio.sk\/wp-content\/uploads\/2024\/11\/tisk2-120x120.png\" class=\"attachment-120x120 size-120x120\" alt=\"\" srcset=\"https:\/\/www.promogio.sk\/wp-content\/uploads\/2024\/11\/tisk2-120x120.png 120w, https:\/\/www.promogio.sk\/wp-content\/uploads\/2024\/11\/tisk2-150x150.png 150w, https:\/\/www.promogio.sk\/wp-content\/uploads\/2024\/11\/tisk2-12x12.png 12w, https:\/\/www.promogio.sk\/wp-content\/uploads\/2024\/11\/tisk2.png 200w\" sizes=\"auto, (max-width: 120px) 100vw, 120px\" \/>\t\t\t\t\t\t\t\t\t\t\t\t\t\t\t\n\t\t\t\t\t\t\t<\/div>\n\t\t\t\t\t\t<\/div>\n\t\t\t\t\t\t\t\t\t\t<div class=\"info-box-content\">\n\t\t\t\t\t\t<h4 class=\"info-box-title title box-title-style-default wd-fontsize-xl\">Free consultation and advice in the areas of printing<\/h4>\t\t\t\t\t\t<div class=\"info-box-inner reset-last-child\"><ul>\n<li>\n<div>Use telephone or e-mail contact<\/div>\n<\/li>\n<li>\n<div>We will advise you free of charge and recommend a printing solution according to your requirements<\/div>\n<\/li>\n<li>\n<div>For example, we will be happy to recommend the ideal size and weight for a given type of leaflet when using a distribution system to optimise your costs<\/div>\n<\/li>\n<\/ul>\n<\/div>\n\n\t\t\t\t\t\t\t\t\t\t\t<\/div>\n\n\t\t\t\t\t\n\t\t\t\t\t\t\t\t\t<\/div>\n\t\t\t<\/div>\n\t\t<div class=\"vc_separator wpb_content_element vc_separator_align_center vc_sep_width_100 vc_sep_pos_align_center vc_separator_no_text vc_custom_1693391413373\" ><span class=\"vc_sep_holder vc_sep_holder_l\"><span style=\"border-color:#7f7f7f;\" class=\"vc_sep_line\"><\/span><\/span><span class=\"vc_sep_holder vc_sep_holder_r\"><span style=\"border-color:#7f7f7f;\" class=\"vc_sep_line\"><\/span><\/span>\n<\/div>\t\t\t<div class=\"info-box-wrapper\">\n\t\t\t\t<div id=\"wd-68403c7e1401b\" class=\"wd-rs-68403c7e1401b wd-info-box wd-wpb text-left box-icon-align-left box-style- color-scheme- wd-bg-none wd-items-top\">\n\t\t\t\t\t\t\t\t\t\t\t<div class=\"box-icon-wrapper  box-with-icon box-icon-simple\">\n\t\t\t\t\t\t\t<div class=\"info-box-icon\">\n\n\t\t\t\t\t\t\t\n\t\t\t\t\t\t\t\t\t\t\t\t\t\t\t\t\t<img loading=\"lazy\" decoding=\"async\" width=\"120\" height=\"120\" src=\"https:\/\/www.promogio.sk\/wp-content\/uploads\/2024\/11\/zasilky-120x120.png\" class=\"attachment-120x120 size-120x120\" alt=\"\" srcset=\"https:\/\/www.promogio.sk\/wp-content\/uploads\/2024\/11\/zasilky-120x120.png 120w, https:\/\/www.promogio.sk\/wp-content\/uploads\/2024\/11\/zasilky-150x150.png 150w, https:\/\/www.promogio.sk\/wp-content\/uploads\/2024\/11\/zasilky-12x12.png 12w, https:\/\/www.promogio.sk\/wp-content\/uploads\/2024\/11\/zasilky.png 200w\" sizes=\"auto, (max-width: 120px) 100vw, 120px\" \/>\t\t\t\t\t\t\t\t\t\t\t\t\t\t\t\n\t\t\t\t\t\t\t<\/div>\n\t\t\t\t\t\t<\/div>\n\t\t\t\t\t\t\t\t\t\t<div class=\"info-box-content\">\n\t\t\t\t\t\t<h4 class=\"info-box-title title box-title-style-default wd-fontsize-xl\">Delivery guarantee<\/h4>\t\t\t\t\t\t<div class=\"info-box-inner reset-last-child\"><ul>\n<li>We will do our utmost to ensure that you receive your shipment on the requested date<\/li>\n<\/ul>\n<\/div>\n\n\t\t\t\t\t\t\t\t\t\t\t<\/div>\n\n\t\t\t\t\t\n\t\t\t\t\t\t\t\t\t<\/div>\n\t\t\t<\/div>\n\t\t<div class=\"vc_separator wpb_content_element vc_separator_align_center vc_sep_width_100 vc_sep_pos_align_center vc_separator_no_text vc_custom_1693391413373\" ><span class=\"vc_sep_holder vc_sep_holder_l\"><span style=\"border-color:#7f7f7f;\" class=\"vc_sep_line\"><\/span><\/span><span class=\"vc_sep_holder vc_sep_holder_r\"><span style=\"border-color:#7f7f7f;\" class=\"vc_sep_line\"><\/span><\/span>\n<\/div>\t\t\t<div class=\"info-box-wrapper\">\n\t\t\t\t<div id=\"wd-68403c8b5e7bb\" class=\"wd-rs-68403c8b5e7bb wd-info-box wd-wpb text-left box-icon-align-left box-style- color-scheme- wd-bg-none wd-items-top\">\n\t\t\t\t\t\t\t\t\t\t\t<div class=\"box-icon-wrapper  box-with-icon box-icon-simple\">\n\t\t\t\t\t\t\t<div class=\"info-box-icon\">\n\n\t\t\t\t\t\t\t\n\t\t\t\t\t\t\t\t\t\t\t\t\t\t\t\t\t<img loading=\"lazy\" decoding=\"async\" width=\"120\" height=\"120\" src=\"https:\/\/www.promogio.sk\/wp-content\/uploads\/2024\/11\/presic-120x120.png\" class=\"attachment-120x120 size-120x120\" alt=\"\" srcset=\"https:\/\/www.promogio.sk\/wp-content\/uploads\/2024\/11\/presic-120x120.png 120w, https:\/\/www.promogio.sk\/wp-content\/uploads\/2024\/11\/presic-150x150.png 150w, https:\/\/www.promogio.sk\/wp-content\/uploads\/2024\/11\/presic-12x12.png 12w, https:\/\/www.promogio.sk\/wp-content\/uploads\/2024\/11\/presic.png 200w\" sizes=\"auto, (max-width: 120px) 100vw, 120px\" \/>\t\t\t\t\t\t\t\t\t\t\t\t\t\t\t\n\t\t\t\t\t\t\t<\/div>\n\t\t\t\t\t\t<\/div>\n\t\t\t\t\t\t\t\t\t\t<div class=\"info-box-content\">\n\t\t\t\t\t\t<h4 class=\"info-box-title title box-title-style-default wd-fontsize-xl\">Guarantee of precision printing and quality<\/h4>\t\t\t\t\t\t<div class=\"info-box-inner reset-last-child\"><ul>\n<li>The inks used for printing are original inks of premium quality<\/li>\n<\/ul>\n<\/div>\n\n\t\t\t\t\t\t\t\t\t\t\t<\/div>\n\n\t\t\t\t\t\n\t\t\t\t\t\t\t\t\t<\/div>\n\t\t\t<\/div>\n\t\t<div class=\"vc_separator wpb_content_element vc_separator_align_center vc_sep_width_100 vc_sep_pos_align_center vc_separator_no_text vc_custom_1693391413373\" ><span class=\"vc_sep_holder vc_sep_holder_l\"><span style=\"border-color:#7f7f7f;\" class=\"vc_sep_line\"><\/span><\/span><span class=\"vc_sep_holder vc_sep_holder_r\"><span style=\"border-color:#7f7f7f;\" class=\"vc_sep_line\"><\/span><\/span>\n<\/div>\t\t\t<div class=\"info-box-wrapper\">\n\t\t\t\t<div id=\"wd-68403c9c4f491\" class=\"wd-rs-68403c9c4f491 wd-info-box wd-wpb text-left box-icon-align-left box-style- color-scheme- wd-bg-none wd-items-top\">\n\t\t\t\t\t\t\t\t\t\t\t<div class=\"box-icon-wrapper  box-with-icon box-icon-simple\">\n\t\t\t\t\t\t\t<div class=\"info-box-icon\">\n\n\t\t\t\t\t\t\t\n\t\t\t\t\t\t\t\t\t\t\t\t\t\t\t\t\t<img loading=\"lazy\" decoding=\"async\" width=\"120\" height=\"120\" src=\"https:\/\/www.promogio.sk\/wp-content\/uploads\/2024\/11\/zasilka2-120x120.png\" class=\"attachment-120x120 size-120x120\" alt=\"\" srcset=\"https:\/\/www.promogio.sk\/wp-content\/uploads\/2024\/11\/zasilka2-120x120.png 120w, https:\/\/www.promogio.sk\/wp-content\/uploads\/2024\/11\/zasilka2-150x150.png 150w, https:\/\/www.promogio.sk\/wp-content\/uploads\/2024\/11\/zasilka2-12x12.png 12w, https:\/\/www.promogio.sk\/wp-content\/uploads\/2024\/11\/zasilka2.png 200w\" sizes=\"auto, (max-width: 120px) 100vw, 120px\" \/>\t\t\t\t\t\t\t\t\t\t\t\t\t\t\t\n\t\t\t\t\t\t\t<\/div>\n\t\t\t\t\t\t<\/div>\n\t\t\t\t\t\t\t\t\t\t<div class=\"info-box-content\">\n\t\t\t\t\t\t<h4 class=\"info-box-title title box-title-style-default wd-fontsize-xl\">Guarantee of precisely packed shipments<\/h4>\t\t\t\t\t\t<div class=\"info-box-inner reset-last-child\"><ul>\n<li>We guarantee ideal packaging of shipments to minimize the possibility of damage<\/li>\n<\/ul>\n<\/div>\n\n\t\t\t\t\t\t\t\t\t\t\t<\/div>\n\n\t\t\t\t\t\n\t\t\t\t\t\t\t\t\t<\/div>\n\t\t\t<\/div>\n\t\t<\/div><\/div><\/div><\/div><div class=\"vc_row-full-width vc_clearfix\"><\/div>\n<\/div>","protected":false},"excerpt":{"rendered":"Slu\u017eby Grafick\u00e9 \u0161t\u00fadio N\u00e1\u0161 t\u00edm grafikov r\u00e1d spracuje ak\u00e9ko\u013evek podklady na tla\u010d od t\u00fdch jednoduch\u0161\u00edch podkladov po obsiahle katal\u00f3gy, pr\u00edpadne","protected":false},"author":1,"featured_media":0,"parent":0,"menu_order":0,"comment_status":"closed","ping_status":"closed","template":"","meta":{"footnotes":""},"class_list":["post-10231","page","type-page","status-publish","hentry"],"yoast_head":"<!-- This site is optimized with the Yoast SEO plugin v24.3 - https:\/\/yoast.com\/wordpress\/plugins\/seo\/ -->\n<title>Slu\u017eby - Promogio<\/title>\n<meta name=\"robots\" content=\"index, follow, max-snippet:-1, max-image-preview:large, max-video-preview:-1\" \/>\n<link rel=\"canonical\" href=\"https:\/\/www.promogio.sk\/en\/sluzby\/\" \/>\n<meta property=\"og:locale\" content=\"en_GB\" \/>\n<meta property=\"og:type\" content=\"article\" \/>\n<meta property=\"og:title\" content=\"Slu\u017eby - Promogio\" \/>\n<meta property=\"og:url\" content=\"https:\/\/www.promogio.sk\/en\/sluzby\/\" \/>\n<meta property=\"og:site_name\" content=\"Promogio\" \/>\n<meta property=\"article:publisher\" content=\"https:\/\/www.facebook.com\/tiskkvalitne.cz\" \/>\n<meta property=\"article:modified_time\" content=\"2025-06-10T07:30:42+00:00\" \/>\n<meta property=\"og:image\" content=\"https:\/\/www.promogio.sk\/wp-content\/uploads\/2025\/06\/promogio.png\" \/>\n\t<meta property=\"og:image:width\" content=\"804\" \/>\n\t<meta property=\"og:image:height\" content=\"117\" \/>\n\t<meta property=\"og:image:type\" content=\"image\/png\" \/>\n<meta name=\"twitter:card\" content=\"summary_large_image\" \/>\n<meta name=\"twitter:label1\" content=\"Estimated reading time\" \/>\n\t<meta name=\"twitter:data1\" content=\"6 minutes\" \/>\n<script type=\"application\/ld+json\" class=\"yoast-schema-graph\">{\"@context\":\"https:\/\/schema.org\",\"@graph\":[{\"@type\":\"WebPage\",\"@id\":\"https:\/\/www.promogio.sk\/sluzby\/\",\"url\":\"https:\/\/www.promogio.sk\/sluzby\/\",\"name\":\"Slu\u017eby - Promogio\",\"isPartOf\":{\"@id\":\"https:\/\/www.promogio.sk\/#website\"},\"datePublished\":\"2022-07-29T15:28:55+00:00\",\"dateModified\":\"2025-06-10T07:30:42+00:00\",\"breadcrumb\":{\"@id\":\"https:\/\/www.promogio.sk\/sluzby\/#breadcrumb\"},\"inLanguage\":\"en-GB\",\"potentialAction\":[{\"@type\":\"ReadAction\",\"target\":[\"https:\/\/www.promogio.sk\/sluzby\/\"]}]},{\"@type\":\"BreadcrumbList\",\"@id\":\"https:\/\/www.promogio.sk\/sluzby\/#breadcrumb\",\"itemListElement\":[{\"@type\":\"ListItem\",\"position\":1,\"name\":\"Home\",\"item\":\"https:\/\/www.promogio.sk\/\"},{\"@type\":\"ListItem\",\"position\":2,\"name\":\"Slu\u017eby\"}]},{\"@type\":\"WebSite\",\"@id\":\"https:\/\/www.promogio.sk\/#website\",\"url\":\"https:\/\/www.promogio.sk\/\",\"name\":\"Promogio\",\"description\":\"Kvalitn\u00e1 tla\u010d za skvel\u00e9 ceny\",\"publisher\":{\"@id\":\"https:\/\/www.promogio.sk\/#organization\"},\"alternateName\":\"Tla\u010doviny | Potla\u010d textilu | Reklamn\u00e9 predmety\",\"potentialAction\":[{\"@type\":\"SearchAction\",\"target\":{\"@type\":\"EntryPoint\",\"urlTemplate\":\"https:\/\/www.promogio.sk\/?s={search_term_string}\"},\"query-input\":{\"@type\":\"PropertyValueSpecification\",\"valueRequired\":true,\"valueName\":\"search_term_string\"}}],\"inLanguage\":\"en-GB\"},{\"@type\":\"Organization\",\"@id\":\"https:\/\/www.promogio.sk\/#organization\",\"name\":\"Promogio\",\"url\":\"https:\/\/www.promogio.sk\/\",\"logo\":{\"@type\":\"ImageObject\",\"inLanguage\":\"en-GB\",\"@id\":\"https:\/\/www.promogio.sk\/#\/schema\/logo\/image\/\",\"url\":\"https:\/\/www.promogio.sk\/wp-content\/uploads\/2025\/06\/promogio.png\",\"contentUrl\":\"https:\/\/www.promogio.sk\/wp-content\/uploads\/2025\/06\/promogio.png\",\"width\":804,\"height\":117,\"caption\":\"Promogio\"},\"image\":{\"@id\":\"https:\/\/www.promogio.sk\/#\/schema\/logo\/image\/\"},\"sameAs\":[\"https:\/\/www.facebook.com\/tiskkvalitne.cz\",\"https:\/\/www.linkedin.com\/company\/tisk-kvalitne\"]}]}<\/script>\n<!-- \/ Yoast SEO plugin. -->","yoast_head_json":{"title":"Slu\u017eby - Promogio","robots":{"index":"index","follow":"follow","max-snippet":"max-snippet:-1","max-image-preview":"max-image-preview:large","max-video-preview":"max-video-preview:-1"},"canonical":"https:\/\/www.promogio.sk\/en\/sluzby\/","og_locale":"en_GB","og_type":"article","og_title":"Slu\u017eby - Promogio","og_url":"https:\/\/www.promogio.sk\/en\/sluzby\/","og_site_name":"Promogio","article_publisher":"https:\/\/www.facebook.com\/tiskkvalitne.cz","article_modified_time":"2025-06-10T07:30:42+00:00","og_image":[{"width":804,"height":117,"url":"https:\/\/www.promogio.sk\/wp-content\/uploads\/2025\/06\/promogio.png","type":"image\/png"}],"twitter_card":"summary_large_image","twitter_misc":{"Estimated reading time":"6 minutes"},"schema":{"@context":"https:\/\/schema.org","@graph":[{"@type":"WebPage","@id":"https:\/\/www.promogio.sk\/sluzby\/","url":"https:\/\/www.promogio.sk\/sluzby\/","name":"Slu\u017eby - Promogio","isPartOf":{"@id":"https:\/\/www.promogio.sk\/#website"},"datePublished":"2022-07-29T15:28:55+00:00","dateModified":"2025-06-10T07:30:42+00:00","breadcrumb":{"@id":"https:\/\/www.promogio.sk\/sluzby\/#breadcrumb"},"inLanguage":"en-GB","potentialAction":[{"@type":"ReadAction","target":["https:\/\/www.promogio.sk\/sluzby\/"]}]},{"@type":"BreadcrumbList","@id":"https:\/\/www.promogio.sk\/sluzby\/#breadcrumb","itemListElement":[{"@type":"ListItem","position":1,"name":"Home","item":"https:\/\/www.promogio.sk\/"},{"@type":"ListItem","position":2,"name":"Slu\u017eby"}]},{"@type":"WebSite","@id":"https:\/\/www.promogio.sk\/#website","url":"https:\/\/www.promogio.sk\/","name":"Promogio","description":"Kvalitn\u00e1 tla\u010d za skvel\u00e9 ceny","publisher":{"@id":"https:\/\/www.promogio.sk\/#organization"},"alternateName":"Tla\u010doviny | Potla\u010d textilu | Reklamn\u00e9 predmety","potentialAction":[{"@type":"SearchAction","target":{"@type":"EntryPoint","urlTemplate":"https:\/\/www.promogio.sk\/?s={search_term_string}"},"query-input":{"@type":"PropertyValueSpecification","valueRequired":true,"valueName":"search_term_string"}}],"inLanguage":"en-GB"},{"@type":"Organization","@id":"https:\/\/www.promogio.sk\/#organization","name":"Promogio","url":"https:\/\/www.promogio.sk\/","logo":{"@type":"ImageObject","inLanguage":"en-GB","@id":"https:\/\/www.promogio.sk\/#\/schema\/logo\/image\/","url":"https:\/\/www.promogio.sk\/wp-content\/uploads\/2025\/06\/promogio.png","contentUrl":"https:\/\/www.promogio.sk\/wp-content\/uploads\/2025\/06\/promogio.png","width":804,"height":117,"caption":"Promogio"},"image":{"@id":"https:\/\/www.promogio.sk\/#\/schema\/logo\/image\/"},"sameAs":["https:\/\/www.facebook.com\/tiskkvalitne.cz","https:\/\/www.linkedin.com\/company\/tisk-kvalitne"]}]}},"_links":{"self":[{"href":"https:\/\/www.promogio.sk\/en\/wp-json\/wp\/v2\/pages\/10231","targetHints":{"allow":["GET"]}}],"collection":[{"href":"https:\/\/www.promogio.sk\/en\/wp-json\/wp\/v2\/pages"}],"about":[{"href":"https:\/\/www.promogio.sk\/en\/wp-json\/wp\/v2\/types\/page"}],"author":[{"embeddable":true,"href":"https:\/\/www.promogio.sk\/en\/wp-json\/wp\/v2\/users\/1"}],"replies":[{"embeddable":true,"href":"https:\/\/www.promogio.sk\/en\/wp-json\/wp\/v2\/comments?post=10231"}],"version-history":[{"count":8,"href":"https:\/\/www.promogio.sk\/en\/wp-json\/wp\/v2\/pages\/10231\/revisions"}],"predecessor-version":[{"id":11745,"href":"https:\/\/www.promogio.sk\/en\/wp-json\/wp\/v2\/pages\/10231\/revisions\/11745"}],"wp:attachment":[{"href":"https:\/\/www.promogio.sk\/en\/wp-json\/wp\/v2\/media?parent=10231"}],"curies":[{"name":"wp","href":"https:\/\/api.w.org\/{rel}","templated":true}]}}