{"id":5212,"date":"2021-08-25T07:26:28","date_gmt":"2021-08-25T07:26:28","guid":{"rendered":"http:\/\/dummy.xtemos.com\/woodmart2\/?page_id=5212"},"modified":"2026-03-12T15:17:04","modified_gmt":"2026-03-12T14:17:04","slug":"kontakty","status":"publish","type":"page","link":"https:\/\/www.promogio.sk\/en\/kontakty\/","title":{"rendered":"Contact"},"content":{"rendered":"<div class=\"wpb-content-wrapper\"><div data-vc-full-width=\"true\" data-vc-full-width-init=\"false\" data-vc-stretch-content=\"true\" class=\"vc_row wpb_row vc_row-fluid vc_custom_1706470498553 vc_row-has-fill vc_row-no-padding wd-rs-65b6ac5ca0758\"><div class=\"wpb_column vc_column_container vc_col-sm-12 wd-rs-67779c23d15e4\"><div class=\"vc_column-inner vc_custom_1735892010739\"><div class=\"wpb_wrapper\">\t\t<div id=\"wd-67779d03253d3\" class=\"wd-image wd-wpb wd-rs-67779d03253d3 text-left vc_custom_1735892237581\">\n\t\t\t\n\t\t\t<img loading=\"lazy\" decoding=\"async\"  src=\"https:\/\/www.promogio.sk\/wp-content\/uploads\/2024\/09\/vlnka-header.svg\" title=\"wave-header\" width=\"3000\" height=\"3000\">\n\t\t\t\t\t<\/div>\n\t\t<\/div><\/div><\/div><\/div><div class=\"vc_row-full-width vc_clearfix\"><\/div><div class=\"vc_row wpb_row vc_row-fluid vc_custom_1773324396526 vc_row-has-fill wd-rs-69b2c86a2fa0c\"><div class=\"wpb_column vc_column_container vc_col-sm-1\/5 wd-rs-69b2c7718a223\"><div class=\"vc_column-inner\"><div class=\"wpb_wrapper\">\t\t<div class=\"team-member wd-wpb wd-rs-69b2c8c3e202e member-layout-default text-center vc_custom_1773324496353\">\n\t\t\t\t\t\t\t<div class=\"member-image-wrapper\">\n\t\t\t\t\t<div class=\"member-image\">\n\t\t\t\t\t\t<img loading=\"lazy\" decoding=\"async\" width=\"214\" height=\"214\" src=\"https:\/\/www.promogio.sk\/wp-content\/uploads\/2026\/03\/Milan-Potfaj-214x214.png\" class=\"team-member-avatar-image\" alt=\"\" srcset=\"https:\/\/www.promogio.sk\/wp-content\/uploads\/2026\/03\/Milan-Potfaj-214x214.png 214w, https:\/\/www.promogio.sk\/wp-content\/uploads\/2026\/03\/Milan-Potfaj-300x300.png 300w, https:\/\/www.promogio.sk\/wp-content\/uploads\/2026\/03\/Milan-Potfaj-150x150.png 150w, https:\/\/www.promogio.sk\/wp-content\/uploads\/2026\/03\/Milan-Potfaj-12x12.png 12w, https:\/\/www.promogio.sk\/wp-content\/uploads\/2026\/03\/Milan-Potfaj.png 428w\" sizes=\"auto, (max-width: 214px) 100vw, 214px\" \/>\t\t\t\t\t<\/div>\n\t\t\t\t<\/div>\n\t\t\t\n\t\t\t<div class=\"member-details wd-set-mb reset-last-child\">\n\t\t\t\t\t\t\t\t\t<h4 class=\"member-name\">\n\t\t\t\t\t\tMilan Potfaj\t\t\t\t\t<\/h4>\n\t\t\t\t\n\t\t\t\t\t\t\t\t\t<div class=\"member-position\">\n\t\t\t\t\t\tCEO\t\t\t\t\t<\/div>\n\t\t\t\t\n\t\t\t\t\n\t\t\t\t\t\t\t<\/div>\n\t\t<\/div>\n\n\t\t\n\t\t<ul class=\"wd-rs-69b2c9e8499e1 wd-list wd-wpb color-scheme- wd-fontsize-xs wd-type-icon wd-style-default text-center vc_custom_1773324778625\" id=\"wd-69b2c9e8499e1\">\n\t\t\t\t\t\t\t\t\t\t\t<li>\n\t\t\t\t\t<span class=\"wd-icon list-icon fas fa-phone-alt\"><\/span>\n\t\t\t\t\t<span class=\"wd-list-content list-content\">+421 915 974 764<\/span>\n\t\t\t\t\t\t\t\t\t<\/li>\n\t\t\t\t\t<\/ul>\n\t\t\n\t\t<ul class=\"wd-rs-69b2c9ec09347 wd-list wd-wpb color-scheme- wd-fontsize-xs wd-type-icon wd-style-default text-center vc_custom_1773324782380\" id=\"wd-69b2c9ec09347\">\n\t\t\t\t\t\t\t\t\t\t\t<li>\n\t\t\t\t\t<span class=\"wd-icon list-icon far fa-envelope\"><\/span>\n\t\t\t\t\t<span class=\"wd-list-content list-content\">milan.potfaj@promogio.sk<\/span>\n\t\t\t\t\t\t\t\t\t<\/li>\n\t\t\t\t\t<\/ul>\n\t\t<\/div><\/div><\/div><div class=\"wpb_column vc_column_container vc_col-sm-1\/5\"><div class=\"vc_column-inner\"><div class=\"wpb_wrapper\">\t\t<div class=\"team-member wd-wpb wd-rs-69b2c949b1186 member-layout-default text-center\">\n\t\t\t\t\t\t\t<div class=\"member-image-wrapper\">\n\t\t\t\t\t<div class=\"member-image\">\n\t\t\t\t\t\t<img loading=\"lazy\" decoding=\"async\" width=\"214\" height=\"214\" src=\"https:\/\/www.promogio.sk\/wp-content\/uploads\/2026\/03\/Andrea-Rimesova-214x214.png\" class=\"team-member-avatar-image\" alt=\"\" srcset=\"https:\/\/www.promogio.sk\/wp-content\/uploads\/2026\/03\/Andrea-Rimesova-214x214.png 214w, https:\/\/www.promogio.sk\/wp-content\/uploads\/2026\/03\/Andrea-Rimesova-300x300.png 300w, https:\/\/www.promogio.sk\/wp-content\/uploads\/2026\/03\/Andrea-Rimesova-150x150.png 150w, https:\/\/www.promogio.sk\/wp-content\/uploads\/2026\/03\/Andrea-Rimesova-12x12.png 12w, https:\/\/www.promogio.sk\/wp-content\/uploads\/2026\/03\/Andrea-Rimesova.png 428w\" sizes=\"auto, (max-width: 214px) 100vw, 214px\" \/>\t\t\t\t\t<\/div>\n\t\t\t\t<\/div>\n\t\t\t\n\t\t\t<div class=\"member-details wd-set-mb reset-last-child\">\n\t\t\t\t\t\t\t\t\t<h4 class=\"member-name\">\n\t\t\t\t\t\tAndrea R\u00edme\u0161ov\u00e1\t\t\t\t\t<\/h4>\n\t\t\t\t\n\t\t\t\t\t\t\t\t\t<div class=\"member-position\">\n\t\t\t\t\t\tObchodn\u00fd z\u00e1stupca\t\t\t\t\t<\/div>\n\t\t\t\t\n\t\t\t\t\n\t\t\t\t\t\t\t<\/div>\n\t\t<\/div>\n\n\t\t\n\t\t<ul class=\"wd-rs-69b2c9f0207ba wd-list wd-wpb color-scheme- wd-fontsize-xs wd-type-icon wd-style-default text-center vc_custom_1773324786282\" id=\"wd-69b2c9f0207ba\">\n\t\t\t\t\t\t\t\t\t\t\t<li>\n\t\t\t\t\t<span class=\"wd-icon list-icon fas fa-phone-alt\"><\/span>\n\t\t\t\t\t<span class=\"wd-list-content list-content\">+421 944 003 904<\/span>\n\t\t\t\t\t\t\t\t\t<\/li>\n\t\t\t\t\t<\/ul>\n\t\t\n\t\t<ul class=\"wd-rs-69b2c9f38ccea wd-list wd-wpb color-scheme- wd-fontsize-xs wd-type-icon wd-style-default text-center vc_custom_1773324789660\" id=\"wd-69b2c9f38ccea\">\n\t\t\t\t\t\t\t\t\t\t\t<li>\n\t\t\t\t\t<span class=\"wd-icon list-icon far fa-envelope\"><\/span>\n\t\t\t\t\t<span class=\"wd-list-content list-content\">andrea.rimesova@promogio.sk<\/span>\n\t\t\t\t\t\t\t\t\t<\/li>\n\t\t\t\t\t<\/ul>\n\t\t<\/div><\/div><\/div><div class=\"wpb_column vc_column_container vc_col-sm-1\/5\"><div class=\"vc_column-inner\"><div class=\"wpb_wrapper\">\t\t<div class=\"team-member wd-wpb wd-rs-69b2ca8634121 member-layout-default text-center\">\n\t\t\t\t\t\t\t<div class=\"member-image-wrapper\">\n\t\t\t\t\t<div class=\"member-image\">\n\t\t\t\t\t\t<img loading=\"lazy\" decoding=\"async\" width=\"214\" height=\"214\" src=\"https:\/\/www.promogio.sk\/wp-content\/uploads\/2026\/03\/Vit-Krsnak-214x214.png\" class=\"team-member-avatar-image\" alt=\"\" srcset=\"https:\/\/www.promogio.sk\/wp-content\/uploads\/2026\/03\/Vit-Krsnak-214x214.png 214w, https:\/\/www.promogio.sk\/wp-content\/uploads\/2026\/03\/Vit-Krsnak-300x300.png 300w, https:\/\/www.promogio.sk\/wp-content\/uploads\/2026\/03\/Vit-Krsnak-150x150.png 150w, https:\/\/www.promogio.sk\/wp-content\/uploads\/2026\/03\/Vit-Krsnak-12x12.png 12w, https:\/\/www.promogio.sk\/wp-content\/uploads\/2026\/03\/Vit-Krsnak.png 428w\" sizes=\"auto, (max-width: 214px) 100vw, 214px\" \/>\t\t\t\t\t<\/div>\n\t\t\t\t<\/div>\n\t\t\t\n\t\t\t<div class=\"member-details wd-set-mb reset-last-child\">\n\t\t\t\t\t\t\t\t\t<h4 class=\"member-name\">\n\t\t\t\t\t\tV\u00edt Kr\u0161n\u00e1k\t\t\t\t\t<\/h4>\n\t\t\t\t\n\t\t\t\t\n\t\t\t\t\n\t\t\t\t\t\t\t<\/div>\n\t\t<\/div>\n\n\t\t<\/div><\/div><\/div><div class=\"wpb_column vc_column_container vc_col-sm-1\/5\"><div class=\"vc_column-inner\"><div class=\"wpb_wrapper\">\t\t<div class=\"team-member wd-wpb wd-rs-69b2cabf66221 member-layout-default text-center\">\n\t\t\t\t\t\t\t<div class=\"member-image-wrapper\">\n\t\t\t\t\t<div class=\"member-image\">\n\t\t\t\t\t\t<img loading=\"lazy\" decoding=\"async\" width=\"214\" height=\"214\" src=\"https:\/\/www.promogio.sk\/wp-content\/uploads\/2026\/03\/Miroslav-Mikulik-214x214.png\" class=\"team-member-avatar-image\" alt=\"\" srcset=\"https:\/\/www.promogio.sk\/wp-content\/uploads\/2026\/03\/Miroslav-Mikulik-214x214.png 214w, https:\/\/www.promogio.sk\/wp-content\/uploads\/2026\/03\/Miroslav-Mikulik-300x300.png 300w, https:\/\/www.promogio.sk\/wp-content\/uploads\/2026\/03\/Miroslav-Mikulik-150x150.png 150w, https:\/\/www.promogio.sk\/wp-content\/uploads\/2026\/03\/Miroslav-Mikulik-12x12.png 12w, https:\/\/www.promogio.sk\/wp-content\/uploads\/2026\/03\/Miroslav-Mikulik.png 428w\" sizes=\"auto, (max-width: 214px) 100vw, 214px\" \/>\t\t\t\t\t<\/div>\n\t\t\t\t<\/div>\n\t\t\t\n\t\t\t<div class=\"member-details wd-set-mb reset-last-child\">\n\t\t\t\t\t\t\t\t\t<h4 class=\"member-name\">\n\t\t\t\t\t\tMiroslav Mikul\u00edk\t\t\t\t\t<\/h4>\n\t\t\t\t\n\t\t\t\t\n\t\t\t\t\n\t\t\t\t\t\t\t<\/div>\n\t\t<\/div>\n\n\t\t<\/div><\/div><\/div><div class=\"wpb_column vc_column_container vc_col-sm-1\/5\"><div class=\"vc_column-inner\"><div class=\"wpb_wrapper\">\t\t<div class=\"team-member wd-wpb wd-rs-69b2cad2c0e32 member-layout-default text-center\">\n\t\t\t\t\t\t\t<div class=\"member-image-wrapper\">\n\t\t\t\t\t<div class=\"member-image\">\n\t\t\t\t\t\t<img loading=\"lazy\" decoding=\"async\" width=\"214\" height=\"214\" src=\"https:\/\/www.promogio.sk\/wp-content\/uploads\/2026\/03\/Ruslan-Skopal-214x214.png\" class=\"team-member-avatar-image\" alt=\"\" srcset=\"https:\/\/www.promogio.sk\/wp-content\/uploads\/2026\/03\/Ruslan-Skopal-214x214.png 214w, https:\/\/www.promogio.sk\/wp-content\/uploads\/2026\/03\/Ruslan-Skopal-300x300.png 300w, https:\/\/www.promogio.sk\/wp-content\/uploads\/2026\/03\/Ruslan-Skopal-150x150.png 150w, https:\/\/www.promogio.sk\/wp-content\/uploads\/2026\/03\/Ruslan-Skopal-12x12.png 12w, https:\/\/www.promogio.sk\/wp-content\/uploads\/2026\/03\/Ruslan-Skopal.png 428w\" sizes=\"auto, (max-width: 214px) 100vw, 214px\" \/>\t\t\t\t\t<\/div>\n\t\t\t\t<\/div>\n\t\t\t\n\t\t\t<div class=\"member-details wd-set-mb reset-last-child\">\n\t\t\t\t\t\t\t\t\t<h4 class=\"member-name\">\n\t\t\t\t\t\tRuslan Skopal\t\t\t\t\t<\/h4>\n\t\t\t\t\n\t\t\t\t\n\t\t\t\t\n\t\t\t\t\t\t\t<\/div>\n\t\t<\/div>\n\n\t\t<\/div><\/div><\/div><\/div><div class=\"vc_row wpb_row vc_row-fluid vc_custom_1773323961771 vc_row-has-fill vc_row-o-equal-height vc_row-flex wd-rs-69b2c6ab03013 wd-section-stretch\"><div class=\"wpb_column vc_column_container vc_col-sm-12 vc_col-lg-6 vc_col-md-6 vc_col-has-fill\"><div class=\"vc_column-inner vc_custom_1496927710186\"><div class=\"wpb_wrapper\">\n\t\t<div id=\"wd-68403ccddad2c\" class=\"title-wrapper wd-wpb wd-set-mb reset-last-child  wd-rs-68403ccddad2c wd-title-color-default wd-title-style-default text-left mtcenter  wd-underline-colored\">\n\t\t\t\n\t\t\t<div class=\"liner-continer\">\n\t\t\t\t<h4 class=\"woodmart-title-container title  wd-font-weight- wd-fontsize-xxxl\" >Contact information<\/h4>\n\t\t\t\t\t\t\t<\/div>\n\t\t\t\n\t\t\t\n\t\t\t\n\t\t<\/div>\n\t\t\n\t\t\t\t<div id=\"wd-6847d8706c691\" class=\"wd-text-block wd-wpb reset-last-child wd-rs-6847d8706c691 text-left  mtcenter\">\n\t\t\t<p><span style=\"color: #ffc710;\"><strong>Promogio s. r. o. <\/strong>.<\/span><br \/>\nProfessional supplier of offset and digital printing of flyers, business cards, brochures, catalogues, brochures, posters, posters, promotional items, textiles, graphics and many other products.<\/p>\n\t\t<\/div>\n\t\t<div class=\"vc_row wpb_row vc_inner vc_row-fluid\"><div class=\"wpb_column vc_column_container vc_col-sm-6\"><div class=\"vc_column-inner\"><div class=\"wpb_wrapper\">\t\t<div id=\"wd-6876408c22de1\" class=\"wd-text-block wd-wpb reset-last-child wd-rs-6876408c22de1 text-left  mtcenter\">\n\t\t\t<p><strong><span class=\"ra\">J\u00falius G\u00e1bris\u00a0<\/span><span class=\"ra\">8618\/7<\/span><\/strong><br \/>\n<strong><span class=\"ra\">Trnava\u00a0<\/span><span class=\"ra\">917 08<\/span><\/strong><\/p>\n<p><strong>ID:<\/strong> 56982721<br \/>\n<strong>TIN: <\/strong>2122535657<br \/>\n<strong>I\u010c DPH:<\/strong> SK2122535657<br \/>\n<strong>Phone: <\/strong><a class=\"c-link\" href=\"tel:+421915974764\" target=\"_blank\" rel=\"noopener noreferrer\" data-stringify-link=\"tel:+421915974764\" data-sk=\"tooltip_parent\">+421 915 974 764<\/a><br \/>\n<strong>E-mail:<\/strong>\u00a0<a href=\"mailto:info@promogio.sk\">info@promogio.sk<\/a><\/p>\n\t\t<\/div>\n\t\t<\/div><\/div><\/div><div class=\"wpb_column vc_column_container vc_col-sm-6 vc_hidden-lg vc_hidden-md vc_hidden-sm vc_hidden-xs wd-rs-6847d938bd755\"><div class=\"vc_column-inner\"><div class=\"wpb_wrapper\">\t\t\t<div id=\"\" class=\"wd-rs-67779b97b9cf1 wd-social-icons  wd-style-colored wd-size-default social-follow wd-shape-circle color-scheme-light text-center\">\n\t\t\t\t\n\t\t\t\t\n\t\t\t\t\t\t\t\t\t<a rel=\"noopener noreferrer nofollow\" href=\"https:\/\/www.facebook.com\/tiskkvalitne.cz\" target=\"_blank\" class=\"wd-social-icon social-facebook\" aria-label=\"Facebook social link\">\n\t\t\t\t\t\t<span class=\"wd-icon\"><\/span>\n\t\t\t\t\t\t\t\t\t\t\t<\/a>\n\t\t\t\t\n\t\t\t\t\n\t\t\t\t\n\t\t\t\t\t\t\t\t\t<a rel=\"noopener noreferrer nofollow\" href=\"https:\/\/www.instagram.com\/tiskkvalitne.cz\" target=\"_blank\" class=\"wd-social-icon social-instagram\" aria-label=\"Instagram social link\">\n\t\t\t\t\t\t<span class=\"wd-icon\"><\/span>\n\t\t\t\t\t\t\t\t\t\t\t<\/a>\n\t\t\t\t\n\t\t\t\t\n\t\t\t\t\n\t\t\t\t\n\t\t\t\t\t\t\t\t\t<a rel=\"noopener noreferrer nofollow\" href=\"https:\/\/www.linkedin.com\/company\/tisk-kvalitne\" target=\"_blank\" class=\"wd-social-icon social-linkedin\" aria-label=\"Linkedin social link\">\n\t\t\t\t\t\t<span class=\"wd-icon\"><\/span>\n\t\t\t\t\t\t\t\t\t\t\t<\/a>\n\t\t\t\t\n\t\t\t\t\n\t\t\t\t\n\t\t\t\t\n\t\t\t\t\n\t\t\t\t\n\t\t\t\t\n\t\t\t\t\n\t\t\t\t\n\t\t\t\t\n\t\t\t\t\n\t\t\t\t\n\t\t\t\t\n\t\t\t\t\n\t\t\t\t\n\t\t\t\t\n\t\t\t\t\n\t\t\t\t\n\t\t\t<\/div>\n\n\t\t<\/div><\/div><\/div><\/div>\t\t<div id=\"wd-685ec0e03f15e\" class=\"wd-text-block wd-wpb reset-last-child wd-rs-685ec0e03f15e text-left  mtcenter\">\n\t\t\t<p><span style=\"color: #ffc710;\"><strong>Opening hours:<\/strong><\/span><br \/>\nPO - PIA<br \/>\n9:00 &#8211; 17:00<\/p>\n<p><span style=\"color: #ffc710;\"><strong>Bank connection:<br \/>\n<\/strong><\/span>Slovensk\u00e1 sporite\u013e\u0148a, a. s.<br \/>\n\u010c\u00edslo \u00fa\u010dtu: 5234161969\/0900<br \/>\nIBAN: SK72 0900 0000 0052 3416 1969<br \/>\nBIC\/SWIFT: GIBASKBX<\/p>\n<p><strong>\u00a0<\/strong><\/p>\n\t\t<\/div>\n\t\t<\/div><\/div><\/div><div class=\"wpb_column vc_column_container vc_col-sm-12 vc_col-lg-6 vc_col-md-6\"><div class=\"vc_column-inner vc_custom_1496927688909\"><div class=\"wpb_wrapper\">\n\t<div class=\"wpb_raw_code wpb_raw_html wpb_content_element vc_custom_1749538970008\" >\n\t\t<div class=\"wpb_wrapper\">\n\t\t\t<iframe src=\"https:\/\/www.google.com\/maps\/embed?pb=!1m18!1m12!1m3!1d2650.379212696973!2d17.552043177063606!3d48.372451271270485!2m3!1f0!2f0!3f0!3m2!1i1024!2i768!4f13.1!3m3!1m2!1s0x476ca05c5a47cdef%3A0x52bf23de30840bfd!2zSsO6bGl1c2EgR8OhYnJpxaFhLCA5MTcgMDEgVHJuYXZh!5e0!3m2!1ssk!2ssk!4v1749538961843!5m2!1ssk!2ssk\" width=\"600\" height=\"450\" style=\"border:0;\" allowfullscreen=\"\" loading=\"lazy\" referrerpolicy=\"no-referrer-when-downgrade\"><\/iframe>\n\t\t<\/div>\n\t<\/div>\n<\/div><\/div><\/div><\/div>\n<\/div>","protected":false},"excerpt":{"rendered":"Milan Potfaj CEO +421 915 974 764 milan.potfaj@promogio.sk Andrea R\u00edme\u0161ov\u00e1 Obchodn\u00fd z\u00e1stupca +421 944 003 904 andrea.rimesova@promogio.sk V\u00edt Kr\u0161n\u00e1k Miroslav","protected":false},"author":1,"featured_media":0,"parent":0,"menu_order":0,"comment_status":"closed","ping_status":"closed","template":"","meta":{"footnotes":""},"class_list":["post-5212","page","type-page","status-publish","hentry"],"yoast_head":"<!-- This site is optimized with the Yoast SEO plugin v24.3 - https:\/\/yoast.com\/wordpress\/plugins\/seo\/ -->\n<title>Kontaktn\u00e9 inform\u00e1cie \u2013 Promogio, s.r.o. | promogio.sk<\/title>\n<meta name=\"description\" content=\"Kontaktujte Promogio, s.r.o. pre tla\u010d a potla\u010d \u010dohoko\u013evek! Ozvite sa n\u00e1m, radi so v\u0161etk\u00fdm porad\u00edme a v\u0161etko za priazniv\u00e9 ceny kompletne zaist\u00edme.\" \/>\n<meta name=\"robots\" content=\"index, follow, max-snippet:-1, max-image-preview:large, max-video-preview:-1\" \/>\n<link rel=\"canonical\" href=\"https:\/\/www.promogio.sk\/en\/kontakty\/\" \/>\n<meta property=\"og:locale\" content=\"en_GB\" \/>\n<meta property=\"og:type\" content=\"article\" \/>\n<meta property=\"og:title\" content=\"Kontaktn\u00e9 inform\u00e1cie \u2013 Promogio, s.r.o. | promogio.sk\" \/>\n<meta property=\"og:description\" content=\"Kontaktujte Promogio, s.r.o. pre tla\u010d a potla\u010d \u010dohoko\u013evek! Ozvite sa n\u00e1m, radi so v\u0161etk\u00fdm porad\u00edme a v\u0161etko za priazniv\u00e9 ceny kompletne zaist\u00edme.\" \/>\n<meta property=\"og:url\" content=\"https:\/\/www.promogio.sk\/en\/kontakty\/\" \/>\n<meta property=\"og:site_name\" content=\"Promogio\" \/>\n<meta property=\"article:publisher\" content=\"https:\/\/www.facebook.com\/tiskkvalitne.cz\" \/>\n<meta property=\"article:modified_time\" content=\"2026-03-12T14:17:04+00:00\" \/>\n<meta property=\"og:image\" content=\"https:\/\/www.promogio.sk\/wp-content\/uploads\/2025\/06\/promogio.png\" \/>\n\t<meta property=\"og:image:width\" content=\"804\" \/>\n\t<meta property=\"og:image:height\" content=\"117\" \/>\n\t<meta property=\"og:image:type\" content=\"image\/png\" \/>\n<meta name=\"twitter:card\" content=\"summary_large_image\" \/>\n<meta name=\"twitter:label1\" content=\"Estimated reading time\" \/>\n\t<meta name=\"twitter:data1\" content=\"4 minutes\" \/>\n<script type=\"application\/ld+json\" class=\"yoast-schema-graph\">{\"@context\":\"https:\/\/schema.org\",\"@graph\":[{\"@type\":\"WebPage\",\"@id\":\"https:\/\/www.promogio.sk\/kontakty\/\",\"url\":\"https:\/\/www.promogio.sk\/kontakty\/\",\"name\":\"Kontaktn\u00e9 inform\u00e1cie \u2013 Promogio, s.r.o. | promogio.sk\",\"isPartOf\":{\"@id\":\"https:\/\/www.promogio.sk\/#website\"},\"datePublished\":\"2021-08-25T07:26:28+00:00\",\"dateModified\":\"2026-03-12T14:17:04+00:00\",\"description\":\"Kontaktujte Promogio, s.r.o. pre tla\u010d a potla\u010d \u010dohoko\u013evek! Ozvite sa n\u00e1m, radi so v\u0161etk\u00fdm porad\u00edme a v\u0161etko za priazniv\u00e9 ceny kompletne zaist\u00edme.\",\"breadcrumb\":{\"@id\":\"https:\/\/www.promogio.sk\/kontakty\/#breadcrumb\"},\"inLanguage\":\"en-GB\",\"potentialAction\":[{\"@type\":\"ReadAction\",\"target\":[\"https:\/\/www.promogio.sk\/kontakty\/\"]}]},{\"@type\":\"BreadcrumbList\",\"@id\":\"https:\/\/www.promogio.sk\/kontakty\/#breadcrumb\",\"itemListElement\":[{\"@type\":\"ListItem\",\"position\":1,\"name\":\"Home\",\"item\":\"https:\/\/www.promogio.sk\/\"},{\"@type\":\"ListItem\",\"position\":2,\"name\":\"Kontakty\"}]},{\"@type\":\"WebSite\",\"@id\":\"https:\/\/www.promogio.sk\/#website\",\"url\":\"https:\/\/www.promogio.sk\/\",\"name\":\"Promogio\",\"description\":\"Kvalitn\u00e1 tla\u010d za skvel\u00e9 ceny\",\"publisher\":{\"@id\":\"https:\/\/www.promogio.sk\/#organization\"},\"alternateName\":\"Tla\u010doviny | Potla\u010d textilu | Reklamn\u00e9 predmety\",\"potentialAction\":[{\"@type\":\"SearchAction\",\"target\":{\"@type\":\"EntryPoint\",\"urlTemplate\":\"https:\/\/www.promogio.sk\/?s={search_term_string}\"},\"query-input\":{\"@type\":\"PropertyValueSpecification\",\"valueRequired\":true,\"valueName\":\"search_term_string\"}}],\"inLanguage\":\"en-GB\"},{\"@type\":\"Organization\",\"@id\":\"https:\/\/www.promogio.sk\/#organization\",\"name\":\"Promogio\",\"url\":\"https:\/\/www.promogio.sk\/\",\"logo\":{\"@type\":\"ImageObject\",\"inLanguage\":\"en-GB\",\"@id\":\"https:\/\/www.promogio.sk\/#\/schema\/logo\/image\/\",\"url\":\"https:\/\/www.promogio.sk\/wp-content\/uploads\/2025\/06\/promogio.png\",\"contentUrl\":\"https:\/\/www.promogio.sk\/wp-content\/uploads\/2025\/06\/promogio.png\",\"width\":804,\"height\":117,\"caption\":\"Promogio\"},\"image\":{\"@id\":\"https:\/\/www.promogio.sk\/#\/schema\/logo\/image\/\"},\"sameAs\":[\"https:\/\/www.facebook.com\/tiskkvalitne.cz\",\"https:\/\/www.linkedin.com\/company\/tisk-kvalitne\"]}]}<\/script>\n<!-- \/ Yoast SEO plugin. -->","yoast_head_json":{"title":"Kontaktn\u00e9 inform\u00e1cie \u2013 Promogio, s.r.o. | promogio.sk","description":"Kontaktujte Promogio, s.r.o. pre tla\u010d a potla\u010d \u010dohoko\u013evek! Ozvite sa n\u00e1m, radi so v\u0161etk\u00fdm porad\u00edme a v\u0161etko za priazniv\u00e9 ceny kompletne zaist\u00edme.","robots":{"index":"index","follow":"follow","max-snippet":"max-snippet:-1","max-image-preview":"max-image-preview:large","max-video-preview":"max-video-preview:-1"},"canonical":"https:\/\/www.promogio.sk\/en\/kontakty\/","og_locale":"en_GB","og_type":"article","og_title":"Kontaktn\u00e9 inform\u00e1cie \u2013 Promogio, s.r.o. | promogio.sk","og_description":"Kontaktujte Promogio, s.r.o. pre tla\u010d a potla\u010d \u010dohoko\u013evek! Ozvite sa n\u00e1m, radi so v\u0161etk\u00fdm porad\u00edme a v\u0161etko za priazniv\u00e9 ceny kompletne zaist\u00edme.","og_url":"https:\/\/www.promogio.sk\/en\/kontakty\/","og_site_name":"Promogio","article_publisher":"https:\/\/www.facebook.com\/tiskkvalitne.cz","article_modified_time":"2026-03-12T14:17:04+00:00","og_image":[{"width":804,"height":117,"url":"https:\/\/www.promogio.sk\/wp-content\/uploads\/2025\/06\/promogio.png","type":"image\/png"}],"twitter_card":"summary_large_image","twitter_misc":{"Estimated reading time":"4 minutes"},"schema":{"@context":"https:\/\/schema.org","@graph":[{"@type":"WebPage","@id":"https:\/\/www.promogio.sk\/kontakty\/","url":"https:\/\/www.promogio.sk\/kontakty\/","name":"Kontaktn\u00e9 inform\u00e1cie \u2013 Promogio, s.r.o. | promogio.sk","isPartOf":{"@id":"https:\/\/www.promogio.sk\/#website"},"datePublished":"2021-08-25T07:26:28+00:00","dateModified":"2026-03-12T14:17:04+00:00","description":"Kontaktujte Promogio, s.r.o. pre tla\u010d a potla\u010d \u010dohoko\u013evek! Ozvite sa n\u00e1m, radi so v\u0161etk\u00fdm porad\u00edme a v\u0161etko za priazniv\u00e9 ceny kompletne zaist\u00edme.","breadcrumb":{"@id":"https:\/\/www.promogio.sk\/kontakty\/#breadcrumb"},"inLanguage":"en-GB","potentialAction":[{"@type":"ReadAction","target":["https:\/\/www.promogio.sk\/kontakty\/"]}]},{"@type":"BreadcrumbList","@id":"https:\/\/www.promogio.sk\/kontakty\/#breadcrumb","itemListElement":[{"@type":"ListItem","position":1,"name":"Home","item":"https:\/\/www.promogio.sk\/"},{"@type":"ListItem","position":2,"name":"Kontakty"}]},{"@type":"WebSite","@id":"https:\/\/www.promogio.sk\/#website","url":"https:\/\/www.promogio.sk\/","name":"Promogio","description":"Kvalitn\u00e1 tla\u010d za skvel\u00e9 ceny","publisher":{"@id":"https:\/\/www.promogio.sk\/#organization"},"alternateName":"Tla\u010doviny | Potla\u010d textilu | Reklamn\u00e9 predmety","potentialAction":[{"@type":"SearchAction","target":{"@type":"EntryPoint","urlTemplate":"https:\/\/www.promogio.sk\/?s={search_term_string}"},"query-input":{"@type":"PropertyValueSpecification","valueRequired":true,"valueName":"search_term_string"}}],"inLanguage":"en-GB"},{"@type":"Organization","@id":"https:\/\/www.promogio.sk\/#organization","name":"Promogio","url":"https:\/\/www.promogio.sk\/","logo":{"@type":"ImageObject","inLanguage":"en-GB","@id":"https:\/\/www.promogio.sk\/#\/schema\/logo\/image\/","url":"https:\/\/www.promogio.sk\/wp-content\/uploads\/2025\/06\/promogio.png","contentUrl":"https:\/\/www.promogio.sk\/wp-content\/uploads\/2025\/06\/promogio.png","width":804,"height":117,"caption":"Promogio"},"image":{"@id":"https:\/\/www.promogio.sk\/#\/schema\/logo\/image\/"},"sameAs":["https:\/\/www.facebook.com\/tiskkvalitne.cz","https:\/\/www.linkedin.com\/company\/tisk-kvalitne"]}]}},"_links":{"self":[{"href":"https:\/\/www.promogio.sk\/en\/wp-json\/wp\/v2\/pages\/5212","targetHints":{"allow":["GET"]}}],"collection":[{"href":"https:\/\/www.promogio.sk\/en\/wp-json\/wp\/v2\/pages"}],"about":[{"href":"https:\/\/www.promogio.sk\/en\/wp-json\/wp\/v2\/types\/page"}],"author":[{"embeddable":true,"href":"https:\/\/www.promogio.sk\/en\/wp-json\/wp\/v2\/users\/1"}],"replies":[{"embeddable":true,"href":"https:\/\/www.promogio.sk\/en\/wp-json\/wp\/v2\/comments?post=5212"}],"version-history":[{"count":34,"href":"https:\/\/www.promogio.sk\/en\/wp-json\/wp\/v2\/pages\/5212\/revisions"}],"predecessor-version":[{"id":11950,"href":"https:\/\/www.promogio.sk\/en\/wp-json\/wp\/v2\/pages\/5212\/revisions\/11950"}],"wp:attachment":[{"href":"https:\/\/www.promogio.sk\/en\/wp-json\/wp\/v2\/media?parent=5212"}],"curies":[{"name":"wp","href":"https:\/\/api.w.org\/{rel}","templated":true}]}}