{"id":7900,"date":"2022-08-29T17:16:46","date_gmt":"2022-08-29T15:16:46","guid":{"rendered":"https:\/\/www.promogio.sk\/?page_id=7900"},"modified":"2025-06-25T11:22:03","modified_gmt":"2025-06-25T09:22:03","slug":"krabicky-s-vysekem","status":"publish","type":"page","link":"https:\/\/www.promogio.sk\/en\/krabicky-s-vysekem\/","title":{"rendered":"Boxes with die-cut"},"content":{"rendered":"<div class=\"wpb-content-wrapper\"><div data-vc-full-width=\"true\" data-vc-full-width-init=\"false\" data-vc-stretch-content=\"true\" class=\"vc_row wpb_row vc_row-fluid vc_custom_1706470498553 vc_row-has-fill vc_row-no-padding wd-rs-65b6ac5ca0758\"><div class=\"wpb_column vc_column_container vc_col-sm-12 wd-rs-6777b5582d369\"><div class=\"vc_column-inner vc_custom_1735898467700\"><div class=\"wpb_wrapper\">\t\t<div id=\"wd-6777b53ddbe34\" class=\"wd-image wd-wpb wd-rs-6777b53ddbe34 text-left vc_custom_1735898439950\">\n\t\t\t\n\t\t\t<img loading=\"lazy\" decoding=\"async\"  src=\"https:\/\/www.promogio.sk\/wp-content\/uploads\/2024\/01\/vlnka-header.svg\" title=\"wave-header\" width=\"3000\" height=\"3000\">\n\t\t\t\t\t<\/div>\n\t\t<\/div><\/div><\/div><\/div><div class=\"vc_row-full-width vc_clearfix\"><\/div><div data-vc-full-width=\"true\" data-vc-full-width-init=\"false\" class=\"vc_row wpb_row vc_row-fluid vc_custom_1710695482247 vc_row-has-fill vc_row-o-content-top vc_row-flex wd-rs-65f724328bff4\"><div class=\"wpb_column vc_column_container vc_col-sm-12 wd-rs-62e52749825e5\"><div class=\"vc_column-inner\"><div class=\"wpb_wrapper\">\n\t\t<div id=\"wd-684179f3d750b\" class=\"title-wrapper wd-wpb wd-set-mb reset-last-child  wd-rs-684179f3d750b wd-title-color-white wd-title-style-default text-center  wd-underline-colored\">\n\t\t\t\n\t\t\t<div class=\"liner-continer\">\n\t\t\t\t<h1 class=\"woodmart-title-container title  wd-font-weight- wd-fontsize-xxxl\" >Enquiry<\/h1>\n\t\t\t\t\t\t\t<\/div>\n\t\t\t\n\t\t\t\n\t\t\t\n\t\t<\/div>\n\t\t\n\t\t<div class=\"wpforms-container wpforms-container-full\" id=\"wpforms-11590\"><form id=\"wpforms-form-11590\" class=\"wpforms-validate wpforms-form wpforms-ajax-form\" data-formid=\"11590\" method=\"post\" enctype=\"multipart\/form-data\" action=\"\/en\/wp-json\/wp\/v2\/pages\/7900\" data-token=\"315d386b8fd1926b22b651758c950957\" data-token-time=\"1777125561\" data-trp-original-action=\"\/en\/wp-json\/wp\/v2\/pages\/7900\"><noscript class=\"wpforms-error-noscript\">Please enable JavaScript in your browser to complete this form.<\/noscript><div class=\"wpforms-field-container\"><div id=\"wpforms-11590-field_26-container\" class=\"wpforms-field wpforms-field-layout\" data-field-id=\"26\"><div class=\"wpforms-field-layout-columns wpforms-field-layout-preset-33-33-33\"><div class=\"wpforms-layout-column wpforms-layout-column-33\" ><div id=\"wpforms-11590-field_27-container\" class=\"wpforms-field wpforms-field-hidden\" data-field-id=\"27\"><input type=\"hidden\" id=\"wpforms-11590-field_27\" name=\"wpforms[fields][27]\" value=\"\u0160katule s v\u00fdsekom\"><\/div><div id=\"wpforms-11590-field_25-container\" class=\"wpforms-field wpforms-field-select wpforms-field-select-style-classic\" data-field-id=\"25\"><label class=\"wpforms-field-label\" for=\"wpforms-11590-field_25\">Potla\u010d \u0161katuliek<\/label><select id=\"wpforms-11590-field_25\" class=\"wpforms-field-large\" name=\"wpforms[fields][25]\"><option value=\"\" class=\"placeholder\" disabled selected='selected'>Please select<\/option><option value=\"s potla\u010dou\" >printed<\/option><option value=\"bez potla\u010de\" >without printing<\/option><\/select><\/div><div id=\"wpforms-11590-field_1-container\" class=\"wpforms-field wpforms-field-select wpforms-field-select-style-classic\" data-field-id=\"1\"><label class=\"wpforms-field-label\" for=\"wpforms-11590-field_1\">Quantity<\/label><select id=\"wpforms-11590-field_1\" class=\"wpforms-field-large\" name=\"wpforms[fields][1]\"><option value=\"\" class=\"placeholder\" disabled selected='selected'>Please select<\/option><option value=\"1 a\u017e 49 ks\" >1 a\u017e 49 ks<\/option><option value=\"50 a\u017e 199 kusov\" >50 a\u017e 199 kusov<\/option><option value=\"200 a\u017e 499 kusov\" >200 a\u017e 499 kusov<\/option><option value=\"500 a viac kusov\" >500 a viac kusov<\/option><\/select><\/div><\/div><div class=\"wpforms-layout-column wpforms-layout-column-33\" ><div id=\"wpforms-11590-field_21-container\" class=\"wpforms-field wpforms-field-textarea\" data-field-id=\"21\"><label class=\"wpforms-field-label\" for=\"wpforms-11590-field_21\">Specification<\/label><textarea id=\"wpforms-11590-field_21\" class=\"wpforms-field-large\" name=\"wpforms[fields][21]\" ><\/textarea><\/div><\/div><div class=\"wpforms-layout-column wpforms-layout-column-33\" ><div id=\"wpforms-11590-field_6-container\" class=\"wpforms-field wpforms-field-text\" data-field-id=\"6\"><label class=\"wpforms-field-label\" for=\"wpforms-11590-field_6\">Name \/ Company <span class=\"wpforms-required-label\">*<\/span><\/label><input type=\"text\" id=\"wpforms-11590-field_6\" class=\"wpforms-field-large wpforms-field-required\" name=\"wpforms[fields][6]\" required><\/div><div id=\"wpforms-11590-field_12-container\" class=\"wpforms-field wpforms-field-email\" data-field-id=\"12\"><label class=\"wpforms-field-label\" for=\"wpforms-11590-field_12\">E-mail <span class=\"wpforms-required-label\">*<\/span><\/label><input type=\"email\" id=\"wpforms-11590-field_12\" class=\"wpforms-field-large wpforms-field-required\" name=\"wpforms[fields][12]\" spellcheck=\"false\" required><\/div><div id=\"wpforms-11590-field_13-container\" class=\"wpforms-field wpforms-field-phone\" data-field-id=\"13\"><label class=\"wpforms-field-label\" for=\"wpforms-11590-field_13\">Phone<\/label><input type=\"tel\" id=\"wpforms-11590-field_13\" class=\"wpforms-field-large wpforms-smart-phone-field\" data-rule-smart-phone-field=\"true\" name=\"wpforms[fields][13]\" aria-label=\"Phone\" ><\/div><div id=\"wpforms-11590-field_14-container\" class=\"wpforms-field wpforms-field-html\" data-field-id=\"14\"><div id=\"wpforms-11590-field_14\"><p>The request is non-binding. Our sales representatives will contact you promptly after sending your inquiry. By submitting this inquiry you agree to <a href=\"https:\/\/www.promogio.sk\/en\/cz\/ochrana_osobnich_udaju\/\" target=\"blank\" style=\"color:#000; text-decoration: underline; \">processing of personal data.<\/a><\/p><\/div><\/div><\/div><\/div><\/div><\/div><!-- .wpforms-field-container --><div class=\"wpforms-submit-container\" ><input type=\"hidden\" name=\"wpforms[id]\" value=\"11590\"><input type=\"hidden\" name=\"page_title\" value=\"\"><input type=\"hidden\" name=\"page_url\" value=\"https:\/\/www.promogio.sk\/en\/wp-json\/wp\/v2\/pages\/7900\"><button type=\"submit\" name=\"wpforms[submit]\" id=\"wpforms-submit-11590\" class=\"wpforms-submit\" data-alt-text=\"Odosielam ...\" data-submit-text=\"Odosla\u0165 dopyt\" aria-live=\"assertive\" value=\"wpforms-submit\">Send request<\/button><img loading=\"lazy\" decoding=\"async\" src=\"https:\/\/www.promogio.sk\/wp-content\/plugins\/wpforms\/assets\/images\/submit-spin.svg\" class=\"wpforms-submit-spinner\" style=\"display: none;\" width=\"26\" height=\"26\" alt=\"Loading\"><\/div><input type=\"hidden\" name=\"trp-form-language\" value=\"en\"\/><\/form><\/div>  <!-- .wpforms-container --><\/div><\/div><\/div><\/div><div class=\"vc_row-full-width vc_clearfix\"><\/div><div data-vc-full-width=\"true\" data-vc-full-width-init=\"false\" data-vc-stretch-content=\"true\" class=\"vc_row wpb_row vc_row-fluid vc_custom_1706535236599 vc_row-has-fill vc_row-no-padding wd-rs-65b7a93d32bf4\"><div class=\"wpb_column vc_column_container vc_col-sm-12 wd-rs-6777bbfd4b835\"><div class=\"vc_column-inner vc_custom_1735900162548\"><div class=\"wpb_wrapper\">\t\t<div id=\"wd-6777bc855cfaf\" class=\"wd-image wd-wpb wd-rs-6777bc855cfaf text-left vc_custom_1735900304508\">\n\t\t\t\n\t\t\t<img loading=\"lazy\" decoding=\"async\"  src=\"https:\/\/www.promogio.sk\/wp-content\/uploads\/2024\/01\/2.svg\" title=\"2\" width=\"3000\" height=\"3000\">\n\t\t\t\t\t<\/div>\n\t\t<\/div><\/div><\/div><\/div><div class=\"vc_row-full-width vc_clearfix\"><\/div><div data-vc-full-width=\"true\" data-vc-full-width-init=\"false\" class=\"vc_row wpb_row vc_row-fluid vc_custom_1710695425023 vc_row-has-fill vc_row-o-content-middle vc_row-flex wd-rs-65f723f98dc6a\"><div class=\"wpb_column vc_column_container vc_col-sm-6\"><div class=\"vc_column-inner\"><div class=\"wpb_wrapper\"><\/div><\/div><\/div><div class=\"wpb_column vc_column_container vc_col-sm-6\"><div class=\"vc_column-inner\"><div class=\"wpb_wrapper\">\t\t<div id=\"gallery_222\" class=\"wd-images-gallery wd-wpb wd-rs-63c44f81c8930 photoswipe-images wd-carousel-container wd-wpb wd-carousel-dis-mb wd-off-md wd-off-sm\" style=\"--wd-justify-content:center;--wd-align-items:center;\">\n\t\t\t\t\t\t\t<div class=\"wd-carousel-inner\">\n\t\t\t\n\t\t\t<div class=\"wd-carousel wd-grid\"data-scroll_per_page=\"yes\" style=\"--wd-col-lg:1;--wd-col-md:1;--wd-col-sm:1;--wd-gap-lg:0px;\">\n\t\t\t\t\t\t\t\t\t<div class=\"wd-carousel-wrap\">\n\t\t\t\t\n\t\t\t\t\t\t\t\t\t\t\t\t\t\n\t\t\t\t\t\t\t\t\t<\/div>\n\t\t\t\t\t\t\t<\/div>\n\n\t\t\t\t\t\t\t\n\t\t\t\t<\/div>\n\n\t\t\t\t\t\t<div class=\"wd-nav-pagin-wrap text-center wd-style-shape wd-hide-md-sm wd-hide-sm\">\n\t\t\t<ul class=\"wd-nav-pagin\"><\/ul>\n\t\t<\/div>\n\t\t\t\t\t\t\t\t\t\t\t<\/div>\n\t\t<\/div><\/div><\/div><\/div><div class=\"vc_row-full-width vc_clearfix\"><\/div><div class=\"vc_row wpb_row vc_row-fluid vc_custom_1735899166682 wd-rs-6777b8192c197\"><div class=\"wpb_column vc_column_container vc_col-sm-12 wd-rs-6777b7fb023f2\"><div class=\"vc_column-inner vc_custom_1735899140586\"><div class=\"wpb_wrapper\"><style data-type=\"vc_shortcodes-custom-css\">.vc_custom_1706535147217{margin-bottom: 0px !important;background-color: #ffffff !important;background-position: center !important;background-repeat: no-repeat !important;background-size: cover !important;}.vc_custom_1725615263305{margin-top: 0px !important;padding-top: 15px !important;padding-bottom: 15px !important;background-color: #24252a !important;}.vc_custom_1706093336403{margin-bottom: 0px !important;padding-top: 0px !important;padding-bottom: 0px !important;}.vc_custom_1735899663706{margin-top: 0px !important;margin-bottom: 0px !important;padding-top: 0px !important;padding-bottom: 0px !important;}.vc_custom_1706177541460{margin-top: 0px !important;padding-top: 0px !important;}.vc_custom_1706177495863{margin-top: 0px !important;padding-top: 0px !important;}.vc_custom_1735899780283{padding-top: 30px !important;}.vc_custom_1706177488117{margin-top: 0px !important;padding-top: 0px !important;}.vc_custom_1749033770668{margin-top: 15px !important;}.vc_custom_1732870121407{margin-bottom: 10px !important;}.vc_custom_1732870130622{margin-bottom: 10px !important;}.vc_custom_1732870141746{margin-bottom: 10px !important;}#wd-68402324a0686 .woodmart-title-container{line-height:56px;font-size:46px;}@media (max-width: 1199px) {#wd-68402324a0686 .woodmart-title-container{line-height:46px;font-size:36px;}}@media (max-width: 767px) {html .wd-rs-6777ba09901c0{margin-left:-10px !important;padding-left:-10px !important;}html .wd-rs-6777ba7d98218{padding-top:1px !important;}#wd-68402324a0686 .woodmart-title-container{line-height:46px;font-size:36px;}html .wd-rs-68402324a0686{margin-top:25px !important;}}<\/style><div class=\"wpb-content-wrapper\"><div data-vc-full-width=\"true\" data-vc-full-width-init=\"false\" data-vc-stretch-content=\"true\" class=\"vc_row wpb_row vc_row-fluid vc_custom_1706535147217 vc_row-has-fill vc_row-no-padding wd-bg-center-top wd-rs-65b7a8e087d25\"><div class=\"wpb_column vc_column_container vc_col-sm-12 wd-rs-65b0eb112ee03\"><div class=\"vc_column-inner vc_custom_1706093336403\"><div class=\"wpb_wrapper\">\t\t<div id=\"wd-6777ba09901c0\" class=\"wd-image wd-wpb wd-rs-6777ba09901c0 text-left vc_custom_1735899663706\">\n\t\t\t\n\t\t\t<img loading=\"lazy\" decoding=\"async\"  src=\"https:\/\/www.promogio.sk\/wp-content\/uploads\/2024\/01\/3.svg\" title=\"3\" width=\"3000\" height=\"3000\">\n\t\t\t\t\t<\/div>\n\t\t<\/div><\/div><\/div><\/div><div class=\"vc_row-full-width vc_clearfix\"><\/div><div data-vc-full-width=\"true\" data-vc-full-width-init=\"false\" class=\"vc_row wpb_row vc_row-fluid vc_custom_1725615263305 vc_row-has-fill wd-rs-66dacc9aee28a\"><div class=\"wpb_column vc_column_container vc_col-sm-12 wd-rs-65b23401abd61\"><div class=\"vc_column-inner vc_custom_1706177541460\"><div class=\"wpb_wrapper\"><div class=\"vc_row wpb_row vc_inner vc_row-fluid vc_custom_1706177495863 wd-rs-65b233d288d6c\"><div class=\"wpb_column vc_column_container vc_col-sm-12 wd-rs-65b233ca32c3b\"><div class=\"vc_column-inner vc_custom_1706177488117\"><div class=\"wpb_wrapper\">\n\t\t<div id=\"wd-68402324a0686\" class=\"title-wrapper wd-wpb wd-set-mb reset-last-child  wd-rs-68402324a0686 wd-title-color-white wd-title-style-default text-center vc_custom_1749033770668 wd-underline-colored\">\n\t\t\t\n\t\t\t<div class=\"liner-continer\">\n\t\t\t\t<h1 class=\"woodmart-title-container title  wd-font-weight- wd-fontsize-xxxl\" >Why print with us?<\/h1>\n\t\t\t\t\t\t\t<\/div>\n\t\t\t\n\t\t\t\n\t\t\t\n\t\t<\/div>\n\t\t\n\t\t<\/div><\/div><\/div><\/div><div class=\"vc_row wpb_row vc_inner vc_row-fluid vc_custom_1735899780283 wd-rs-6777ba7d98218\"><div class=\"wpb_column vc_column_container vc_col-sm-4\"><div class=\"vc_column-inner\"><div class=\"wpb_wrapper\">\t\t<div id=\"wd-67497f78e94f0\" class=\"wd-image wd-wpb wd-rs-67497f78e94f0 text-center vc_custom_1732870121407\">\n\t\t\t\n\t\t\t<img loading=\"lazy\" decoding=\"async\" width=\"100\" height=\"100\" src=\"https:\/\/www.promogio.sk\/wp-content\/uploads\/2024\/11\/01a-100x100.png\" class=\"attachment-100x100 size-100x100\" alt=\"\" srcset=\"https:\/\/www.promogio.sk\/wp-content\/uploads\/2024\/11\/01a.png 100w, https:\/\/www.promogio.sk\/wp-content\/uploads\/2024\/11\/01a-12x12.png 12w\" sizes=\"auto, (max-width: 100px) 100vw, 100px\" \/>\n\t\t\t\t\t<\/div>\n\t\t\n\t\t<div id=\"wd-6840230a84786\" class=\"title-wrapper wd-wpb wd-set-mb reset-last-child  wd-rs-6840230a84786 wd-title-color-white wd-title-style-default text-center  wd-underline-colored\">\n\t\t\t\n\t\t\t<div class=\"liner-continer\">\n\t\t\t\t<h4 class=\"woodmart-title-container title  wd-font-weight- wd-fontsize-m\" >We check and edit graphic data into printable form<\/h4>\n\t\t\t\t\t\t\t<\/div>\n\t\t\t\n\t\t\t\n\t\t\t\n\t\t<\/div>\n\t\t\n\t\t<\/div><\/div><\/div><div class=\"wpb_column vc_column_container vc_col-sm-4\"><div class=\"vc_column-inner\"><div class=\"wpb_wrapper\">\t\t<div id=\"wd-67497febeda18\" class=\"wd-image wd-wpb wd-rs-67497febeda18 text-center vc_custom_1732870130622\">\n\t\t\t\n\t\t\t<img loading=\"lazy\" decoding=\"async\" width=\"100\" height=\"100\" src=\"https:\/\/www.promogio.sk\/wp-content\/uploads\/2024\/11\/02a-100x100.png\" class=\"attachment-100x100 size-100x100\" alt=\"\" srcset=\"https:\/\/www.promogio.sk\/wp-content\/uploads\/2024\/11\/02a.png 100w, https:\/\/www.promogio.sk\/wp-content\/uploads\/2024\/11\/02a-12x12.png 12w\" sizes=\"auto, (max-width: 100px) 100vw, 100px\" \/>\n\t\t\t\t\t<\/div>\n\t\t\n\t\t<div id=\"wd-68402313e4440\" class=\"title-wrapper wd-wpb wd-set-mb reset-last-child  wd-rs-68402313e4440 wd-title-color-white wd-title-style-default text-center  wd-underline-colored\">\n\t\t\t\n\t\t\t<div class=\"liner-continer\">\n\t\t\t\t<h4 class=\"woodmart-title-container title  wd-font-weight- wd-fontsize-m\" >Guarantee of precision printing and quality<\/h4>\n\t\t\t\t\t\t\t<\/div>\n\t\t\t\n\t\t\t\n\t\t\t\n\t\t<\/div>\n\t\t\n\t\t<\/div><\/div><\/div><div class=\"wpb_column vc_column_container vc_col-sm-4\"><div class=\"vc_column-inner\"><div class=\"wpb_wrapper\">\t\t<div id=\"wd-67497ff5181d2\" class=\"wd-image wd-wpb wd-rs-67497ff5181d2 text-center vc_custom_1732870141746\">\n\t\t\t\n\t\t\t<img loading=\"lazy\" decoding=\"async\" width=\"100\" height=\"100\" src=\"https:\/\/www.promogio.sk\/wp-content\/uploads\/2024\/11\/03a-100x100.png\" class=\"attachment-100x100 size-100x100\" alt=\"\" srcset=\"https:\/\/www.promogio.sk\/wp-content\/uploads\/2024\/11\/03a.png 100w, https:\/\/www.promogio.sk\/wp-content\/uploads\/2024\/11\/03a-12x12.png 12w\" sizes=\"auto, (max-width: 100px) 100vw, 100px\" \/>\n\t\t\t\t\t<\/div>\n\t\t\n\t\t<div id=\"wd-6840231b4a6c9\" class=\"title-wrapper wd-wpb wd-set-mb reset-last-child  wd-rs-6840231b4a6c9 wd-title-color-white wd-title-style-default text-center  wd-underline-colored\">\n\t\t\t\n\t\t\t<div class=\"liner-continer\">\n\t\t\t\t<h4 class=\"woodmart-title-container title  wd-font-weight- wd-fontsize-m\" >Consultancy and advice in the areas of printing<\/h4>\n\t\t\t\t\t\t\t<\/div>\n\t\t\t\n\t\t\t\n\t\t\t\n\t\t<\/div>\n\t\t\n\t\t<\/div><\/div><\/div><\/div><\/div><\/div><\/div><\/div><div class=\"vc_row-full-width vc_clearfix\"><\/div><\/div><\/div><\/div><\/div><\/div>\n<\/div>","protected":false},"excerpt":{"rendered":"Dopyt Please enable JavaScript in your browser to complete this form.Potla\u010d \u0161katuliekVyberte pros\u00edms potla\u010doubez potla\u010deMno\u017estvoVyberte pros\u00edm1 a\u017e 49 ks50 a\u017e","protected":false},"author":1,"featured_media":0,"parent":0,"menu_order":0,"comment_status":"closed","ping_status":"closed","template":"","meta":{"footnotes":""},"class_list":["post-7900","page","type-page","status-publish","hentry"],"yoast_head":"<!-- This site is optimized with the Yoast SEO plugin v24.3 - https:\/\/yoast.com\/wordpress\/plugins\/seo\/ -->\n<title>Krabice a dar\u010dekov\u00e9 krabi\u010dky s vlastnou potla\u010dou | promogio.sk<\/title>\n<meta name=\"description\" content=\"Ve\u013eko aj malo kapacitn\u00e1 v\u00fdroba krab\u00edc a krabi\u010diek na mieru s potla\u010dou. V\u0161etky materi\u00e1ly \u010di druhy spracovania. Porad\u00edme s materi\u00e1lmi a podkladmi na v\u00fdrobu.\" \/>\n<meta name=\"robots\" content=\"index, follow, max-snippet:-1, max-image-preview:large, max-video-preview:-1\" \/>\n<link rel=\"canonical\" href=\"https:\/\/www.promogio.sk\/en\/krabicky-s-vysekem\/\" \/>\n<meta property=\"og:locale\" content=\"en_GB\" \/>\n<meta property=\"og:type\" content=\"article\" \/>\n<meta property=\"og:title\" content=\"Krabice a dar\u010dekov\u00e9 krabi\u010dky s vlastnou potla\u010dou | promogio.sk\" \/>\n<meta property=\"og:description\" content=\"Ve\u013eko aj malo kapacitn\u00e1 v\u00fdroba krab\u00edc a krabi\u010diek na mieru s potla\u010dou. V\u0161etky materi\u00e1ly \u010di druhy spracovania. Porad\u00edme s materi\u00e1lmi a podkladmi na v\u00fdrobu.\" \/>\n<meta property=\"og:url\" content=\"https:\/\/www.promogio.sk\/en\/krabicky-s-vysekem\/\" \/>\n<meta property=\"og:site_name\" content=\"Promogio\" \/>\n<meta property=\"article:publisher\" content=\"https:\/\/www.facebook.com\/tiskkvalitne.cz\" \/>\n<meta property=\"article:modified_time\" content=\"2025-06-25T09:22:03+00:00\" \/>\n<meta property=\"og:image\" content=\"https:\/\/www.promogio.sk\/wp-content\/uploads\/2025\/06\/promogio.png\" \/>\n\t<meta property=\"og:image:width\" content=\"804\" \/>\n\t<meta property=\"og:image:height\" content=\"117\" \/>\n\t<meta property=\"og:image:type\" content=\"image\/png\" \/>\n<meta name=\"twitter:card\" content=\"summary_large_image\" \/>\n<meta name=\"twitter:label1\" content=\"Estimated reading time\" \/>\n\t<meta name=\"twitter:data1\" content=\"2 minutes\" \/>\n<script type=\"application\/ld+json\" class=\"yoast-schema-graph\">{\"@context\":\"https:\/\/schema.org\",\"@graph\":[{\"@type\":\"WebPage\",\"@id\":\"https:\/\/www.promogio.sk\/krabicky-s-vysekem\/\",\"url\":\"https:\/\/www.promogio.sk\/krabicky-s-vysekem\/\",\"name\":\"Krabice a dar\u010dekov\u00e9 krabi\u010dky s vlastnou potla\u010dou | promogio.sk\",\"isPartOf\":{\"@id\":\"https:\/\/www.promogio.sk\/#website\"},\"datePublished\":\"2022-08-29T15:16:46+00:00\",\"dateModified\":\"2025-06-25T09:22:03+00:00\",\"description\":\"Ve\u013eko aj malo kapacitn\u00e1 v\u00fdroba krab\u00edc a krabi\u010diek na mieru s potla\u010dou. V\u0161etky materi\u00e1ly \u010di druhy spracovania. Porad\u00edme s materi\u00e1lmi a podkladmi na v\u00fdrobu.\",\"breadcrumb\":{\"@id\":\"https:\/\/www.promogio.sk\/krabicky-s-vysekem\/#breadcrumb\"},\"inLanguage\":\"en-GB\",\"potentialAction\":[{\"@type\":\"ReadAction\",\"target\":[\"https:\/\/www.promogio.sk\/krabicky-s-vysekem\/\"]}]},{\"@type\":\"BreadcrumbList\",\"@id\":\"https:\/\/www.promogio.sk\/krabicky-s-vysekem\/#breadcrumb\",\"itemListElement\":[{\"@type\":\"ListItem\",\"position\":1,\"name\":\"Home\",\"item\":\"https:\/\/www.promogio.sk\/\"},{\"@type\":\"ListItem\",\"position\":2,\"name\":\"Krabi\u010dky s v\u00fdsekom\"}]},{\"@type\":\"WebSite\",\"@id\":\"https:\/\/www.promogio.sk\/#website\",\"url\":\"https:\/\/www.promogio.sk\/\",\"name\":\"Promogio\",\"description\":\"Kvalitn\u00e1 tla\u010d za skvel\u00e9 ceny\",\"publisher\":{\"@id\":\"https:\/\/www.promogio.sk\/#organization\"},\"alternateName\":\"Tla\u010doviny | Potla\u010d textilu | Reklamn\u00e9 predmety\",\"potentialAction\":[{\"@type\":\"SearchAction\",\"target\":{\"@type\":\"EntryPoint\",\"urlTemplate\":\"https:\/\/www.promogio.sk\/?s={search_term_string}\"},\"query-input\":{\"@type\":\"PropertyValueSpecification\",\"valueRequired\":true,\"valueName\":\"search_term_string\"}}],\"inLanguage\":\"en-GB\"},{\"@type\":\"Organization\",\"@id\":\"https:\/\/www.promogio.sk\/#organization\",\"name\":\"Promogio\",\"url\":\"https:\/\/www.promogio.sk\/\",\"logo\":{\"@type\":\"ImageObject\",\"inLanguage\":\"en-GB\",\"@id\":\"https:\/\/www.promogio.sk\/#\/schema\/logo\/image\/\",\"url\":\"https:\/\/www.promogio.sk\/wp-content\/uploads\/2025\/06\/promogio.png\",\"contentUrl\":\"https:\/\/www.promogio.sk\/wp-content\/uploads\/2025\/06\/promogio.png\",\"width\":804,\"height\":117,\"caption\":\"Promogio\"},\"image\":{\"@id\":\"https:\/\/www.promogio.sk\/#\/schema\/logo\/image\/\"},\"sameAs\":[\"https:\/\/www.facebook.com\/tiskkvalitne.cz\",\"https:\/\/www.linkedin.com\/company\/tisk-kvalitne\"]}]}<\/script>\n<!-- \/ Yoast SEO plugin. -->","yoast_head_json":{"title":"Krabice a dar\u010dekov\u00e9 krabi\u010dky s vlastnou potla\u010dou | promogio.sk","description":"Ve\u013eko aj malo kapacitn\u00e1 v\u00fdroba krab\u00edc a krabi\u010diek na mieru s potla\u010dou. V\u0161etky materi\u00e1ly \u010di druhy spracovania. Porad\u00edme s materi\u00e1lmi a podkladmi na v\u00fdrobu.","robots":{"index":"index","follow":"follow","max-snippet":"max-snippet:-1","max-image-preview":"max-image-preview:large","max-video-preview":"max-video-preview:-1"},"canonical":"https:\/\/www.promogio.sk\/en\/krabicky-s-vysekem\/","og_locale":"en_GB","og_type":"article","og_title":"Krabice a dar\u010dekov\u00e9 krabi\u010dky s vlastnou potla\u010dou | promogio.sk","og_description":"Ve\u013eko aj malo kapacitn\u00e1 v\u00fdroba krab\u00edc a krabi\u010diek na mieru s potla\u010dou. V\u0161etky materi\u00e1ly \u010di druhy spracovania. Porad\u00edme s materi\u00e1lmi a podkladmi na v\u00fdrobu.","og_url":"https:\/\/www.promogio.sk\/en\/krabicky-s-vysekem\/","og_site_name":"Promogio","article_publisher":"https:\/\/www.facebook.com\/tiskkvalitne.cz","article_modified_time":"2025-06-25T09:22:03+00:00","og_image":[{"width":804,"height":117,"url":"https:\/\/www.promogio.sk\/wp-content\/uploads\/2025\/06\/promogio.png","type":"image\/png"}],"twitter_card":"summary_large_image","twitter_misc":{"Estimated reading time":"2 minutes"},"schema":{"@context":"https:\/\/schema.org","@graph":[{"@type":"WebPage","@id":"https:\/\/www.promogio.sk\/krabicky-s-vysekem\/","url":"https:\/\/www.promogio.sk\/krabicky-s-vysekem\/","name":"Krabice a dar\u010dekov\u00e9 krabi\u010dky s vlastnou potla\u010dou | promogio.sk","isPartOf":{"@id":"https:\/\/www.promogio.sk\/#website"},"datePublished":"2022-08-29T15:16:46+00:00","dateModified":"2025-06-25T09:22:03+00:00","description":"Ve\u013eko aj malo kapacitn\u00e1 v\u00fdroba krab\u00edc a krabi\u010diek na mieru s potla\u010dou. V\u0161etky materi\u00e1ly \u010di druhy spracovania. Porad\u00edme s materi\u00e1lmi a podkladmi na v\u00fdrobu.","breadcrumb":{"@id":"https:\/\/www.promogio.sk\/krabicky-s-vysekem\/#breadcrumb"},"inLanguage":"en-GB","potentialAction":[{"@type":"ReadAction","target":["https:\/\/www.promogio.sk\/krabicky-s-vysekem\/"]}]},{"@type":"BreadcrumbList","@id":"https:\/\/www.promogio.sk\/krabicky-s-vysekem\/#breadcrumb","itemListElement":[{"@type":"ListItem","position":1,"name":"Home","item":"https:\/\/www.promogio.sk\/"},{"@type":"ListItem","position":2,"name":"Krabi\u010dky s v\u00fdsekom"}]},{"@type":"WebSite","@id":"https:\/\/www.promogio.sk\/#website","url":"https:\/\/www.promogio.sk\/","name":"Promogio","description":"Kvalitn\u00e1 tla\u010d za skvel\u00e9 ceny","publisher":{"@id":"https:\/\/www.promogio.sk\/#organization"},"alternateName":"Tla\u010doviny | Potla\u010d textilu | Reklamn\u00e9 predmety","potentialAction":[{"@type":"SearchAction","target":{"@type":"EntryPoint","urlTemplate":"https:\/\/www.promogio.sk\/?s={search_term_string}"},"query-input":{"@type":"PropertyValueSpecification","valueRequired":true,"valueName":"search_term_string"}}],"inLanguage":"en-GB"},{"@type":"Organization","@id":"https:\/\/www.promogio.sk\/#organization","name":"Promogio","url":"https:\/\/www.promogio.sk\/","logo":{"@type":"ImageObject","inLanguage":"en-GB","@id":"https:\/\/www.promogio.sk\/#\/schema\/logo\/image\/","url":"https:\/\/www.promogio.sk\/wp-content\/uploads\/2025\/06\/promogio.png","contentUrl":"https:\/\/www.promogio.sk\/wp-content\/uploads\/2025\/06\/promogio.png","width":804,"height":117,"caption":"Promogio"},"image":{"@id":"https:\/\/www.promogio.sk\/#\/schema\/logo\/image\/"},"sameAs":["https:\/\/www.facebook.com\/tiskkvalitne.cz","https:\/\/www.linkedin.com\/company\/tisk-kvalitne"]}]}},"_links":{"self":[{"href":"https:\/\/www.promogio.sk\/en\/wp-json\/wp\/v2\/pages\/7900","targetHints":{"allow":["GET"]}}],"collection":[{"href":"https:\/\/www.promogio.sk\/en\/wp-json\/wp\/v2\/pages"}],"about":[{"href":"https:\/\/www.promogio.sk\/en\/wp-json\/wp\/v2\/types\/page"}],"author":[{"embeddable":true,"href":"https:\/\/www.promogio.sk\/en\/wp-json\/wp\/v2\/users\/1"}],"replies":[{"embeddable":true,"href":"https:\/\/www.promogio.sk\/en\/wp-json\/wp\/v2\/comments?post=7900"}],"version-history":[{"count":8,"href":"https:\/\/www.promogio.sk\/en\/wp-json\/wp\/v2\/pages\/7900\/revisions"}],"predecessor-version":[{"id":11612,"href":"https:\/\/www.promogio.sk\/en\/wp-json\/wp\/v2\/pages\/7900\/revisions\/11612"}],"wp:attachment":[{"href":"https:\/\/www.promogio.sk\/en\/wp-json\/wp\/v2\/media?parent=7900"}],"curies":[{"name":"wp","href":"https:\/\/api.w.org\/{rel}","templated":true}]}}